{"id":2,"date":"2021-04-20T22:23:37","date_gmt":"2021-04-20T20:23:37","guid":{"rendered":"http:\/\/businessteps.pl\/?page_id=2"},"modified":"2023-07-22T13:46:16","modified_gmt":"2023-07-22T11:46:16","slug":"page-d-exemple","status":"publish","type":"page","link":"https:\/\/businessteps.pl\/","title":{"rendered":"Jak powsta\u0142o BusinesSteps?"},"content":{"rendered":"\n<div class=\"wp-block-group\"><div class=\"wp-block-group__inner-container is-layout-flow wp-block-group-is-layout-flow\"><\/div><\/div>\n\n\n\n<p class=\"has-drop-cap has-normal-font-size\">Ten <mark style=\"background-color:rgba(0, 0, 0, 0);color: #a6981b\" class=\"has-inline-color\"> <strong>projekt biznesowego wsparcia <\/strong><\/mark>powsta\u0142 z pocz\u0105tkiem 2017 roku, kiedy grupa przedsi\u0119biorc\u00f3w prowadz\u0105cych szko\u0142y j\u0119zykowe stworzy\u0142a spo\u0142eczno\u015b\u0107 w celu wzajemej wymiany do\u015bwiadcze\u0144 bran\u017cowych.<\/p>\n\n\n\n<div class=\"wp-block-columns is-layout-flex wp-container-core-columns-is-layout-28f84493 wp-block-columns-is-layout-flex\">\n<div class=\"wp-block-column is-layout-flow wp-block-column-is-layout-flow\" style=\"flex-basis:100%\">\n<div class=\"wp-block-group alignwide\"><div class=\"wp-block-group__inner-container is-layout-flow wp-block-group-is-layout-flow\">\n<div class=\"wp-block-media-text alignfull is-stacked-on-mobile is-vertically-aligned-center\" style=\"grid-template-columns:58% auto\"><figure class=\"wp-block-media-text__media\"><img loading=\"lazy\" decoding=\"async\" width=\"1024\" height=\"683\" src=\"http:\/\/businessteps.pl\/wp-content\/uploads\/2021\/05\/IMG_1143-1024x683.jpg\" alt=\"\" class=\"wp-image-13 size-full\" srcset=\"https:\/\/businessteps.pl\/wp-content\/uploads\/2021\/05\/IMG_1143-1024x683.jpg 1024w, https:\/\/businessteps.pl\/wp-content\/uploads\/2021\/05\/IMG_1143-300x200.jpg 300w, https:\/\/businessteps.pl\/wp-content\/uploads\/2021\/05\/IMG_1143-768x512.jpg 768w, https:\/\/businessteps.pl\/wp-content\/uploads\/2021\/05\/IMG_1143-1536x1024.jpg 1536w, https:\/\/businessteps.pl\/wp-content\/uploads\/2021\/05\/IMG_1143-2048x1365.jpg 2048w, https:\/\/businessteps.pl\/wp-content\/uploads\/2021\/05\/IMG_1143-416x277.jpg 416w\" sizes=\"auto, (max-width: 1024px) 100vw, 1024px\" \/><\/figure><div class=\"wp-block-media-text__content\">\n<p class=\"has-white-color has-text-color has-background\" style=\"background-color:#a6981b;font-size:22px\">Nazywam si\u0119 Iza Czy\u017cewska &#8211; wspieram swym do\u015bwiadczeniem i rad\u0105 mentorsk\u0105.<\/p>\n<\/div><\/div>\n<\/div><\/div>\n<\/div>\n<\/div>\n\n\n\n<p class=\"has-drop-cap\"><mark style=\"background-color:rgba(0, 0, 0, 0);color: #a6981b\" class=\"has-inline-color\"><strong>Stworzy\u0142am BusinesSteps<\/strong> &#8211; mark\u0119 szkoleniow\u0105 <\/mark>i zacz\u0119\u0142am dzieli\u0107 si\u0119 bogatym do\u015bwiadczeniem w bran\u017cy i wiedz\u0105 o prowadzeniu firmy zar\u00f3wno <a rel=\"noreferrer noopener\" href=\"https:\/\/www.facebook.com\/groups\/594160190951855\" target=\"_blank\">na grupie na FB<\/a>, kt\u00f3rej jestem admink\u0105, jak i podczas  szkole\u0144 na temat najwa\u017cniejszych  aspekt\u00f3w prowadzenia firmy.<\/p>\n\n\n\n<p>Szkolenia bran\u017cowe zwie\u0144czone zosta\u0142y fantastycznym zlotem w \u0141odzi jesieni\u0105 2017 roku, mia\u0142am przyjemno\u015b\u0107 tak\u017ce wyst\u0105pi\u0107 na znakomitej, dorocznej konferencji Synergy Garden zorganizowanej przez <a href=\"https:\/\/edubears.pl\/\" data-type=\"URL\" data-id=\"https:\/\/edubears.pl\/\">Edu Bears<\/a> w 2018 roklu.<\/p>\n\n\n\n<p>Wyst\u0105pi\u0142am r\u00f3wnie\u017c z prelekcj\u0105 dotycz\u0105c\u0105 otworzenia i prowadzenia dzia\u0142alno\u015bci gospodarczej na Zlocie Anglist\u00f3w latem  2017 rok.<\/p>\n\n\n\n<p class=\"has-drop-cap\">Pos\u0142uchaj wywiadu na temat zak\u0142adania szko\u0142y j\u0119zykowej, kt\u00f3rego udzieli\u0142am na tym zlocie &#8211; je\u015bli <strong><span class=\"has-inline-color has-vivid-red-color\"><a rel=\"noreferrer noopener\" href=\"https:\/\/www.facebook.com\/groups\/594160190951855\" target=\"_blank\">chcesz do\u0142\u0105czy\u0107 do wspomnianej w nim grupy dla w\u0142a\u015bcicieli szk\u00f3l j\u0119zykowych na fb<\/a><\/span><\/strong>, kt\u00f3rej jestem za\u0142o\u017cycielk\u0105 i admink\u0105, to serdecznie zapraszam .<\/p>\n\n\n\n<p> <a rel=\"noreferrer noopener\" href=\"https:\/\/www.facebook.com\/groups\/wlascicieleszkoljezykowych\/?multi_permalinks=1478938522474013&amp;notif_id=1625376980343498&amp;notif_t=group_activity&amp;ref=notif\" target=\"_blank\">TUTAJ <\/a>nas znajdziesz &#8211; grupa zrzesza ponad p\u00f3\u0142tora tysi\u0105ca w\u0142a\u015bcicieli szk\u00f3\u0142, kt\u00f3rzy ch\u0119tnie dziel\u0105 si\u0119 swym do\u015bwiadczeniem z nowicjuszami i jest prawdziw\u0105 kopalni\u0105 wiedzy biznesowej i wsparciem!<\/p>\n\n\n\n<figure class=\"wp-block-embed is-type-video is-provider-youtube wp-block-embed-youtube wp-embed-aspect-16-9 wp-has-aspect-ratio\"><div class=\"wp-block-embed__wrapper\">\n<iframe loading=\"lazy\" title=\"Zak\u0142adanie szko\u0142y j\u0119zykowej - Izabela Czy\u017cewska Paulina Ptaszy\u0144ska\" width=\"980\" height=\"551\" src=\"https:\/\/www.youtube.com\/embed\/aULXbRvCHyE?list=PLyBDdelHwNDWWugVrNa2is5B9wen675QY\" frameborder=\"0\" allow=\"accelerometer; autoplay; clipboard-write; encrypted-media; gyroscope; picture-in-picture; web-share\" allowfullscreen><\/iframe>\n<\/div><\/figure>\n\n\n\n<p><\/p>\n\n\n\n<p class=\"has-drop-cap\">Dla os\u00f3b, kt\u00f3re dopiero planuj\u0105 za\u0142o\u017cy\u0107 w\u0142asn\u0105 dzialalno\u015b\u0107 uruchomi\u0142am grup\u0119 <a rel=\"noreferrer noopener\" href=\"https:\/\/www.facebook.com\/groups\/1939173849746237\" target=\"_blank\">Chc\u0119 zalo\u017cy\u0107 szko\u0142\u0119 j\u0119zykow\u0105 &#8211; grupa wsparcia dla pocz\u0105tkuj\u0105cych w biznesie.<\/a><\/p>\n\n\n\n<p>Zapraszam Ci\u0119 te\u017c na<a rel=\"noreferrer noopener\" href=\"https:\/\/www.facebook.com\/businesssteps.your.move\" target=\"_blank\"> fanpage BusinesSteps<\/a> na Facebooku! <\/p>\n\n\n\n<p>Du\u017co satysfakcji przynosi mi dzielenie si\u0119 swoim do\u015bwiadczeniem biznesowym, wi\u0119c je\u015bli mog\u0119 Ci pom\u00f3c, to daj zna\u0107.<\/p>\n\n\n\n<p class=\"has-text-color\" style=\"color:#a6981b\"><strong>Prowadz\u0119 <a href=\"http:\/\/businessteps.pl\/?product=indywidualna-konsultacja-biznesowa\">indywidualne konsultacje<\/a> <\/strong>&#8211; moje do\u015bwiadczenie dla Twojej korzy\u015bci!<\/p>\n\n\n\n<p>Na blogu BusinesSteps dziel\u0119 si\u0119 sw\u0105 wiedz\u0105, znajdziesz tu wiele praktycznych informacji i wskaz\u00f3wek na temat prowadzenia i rozwijania biznesu. S\u0105 tu r\u00f3wnie\u017c  bezp\u0142atne narz\u0119dzia i materia\u0142y.<\/p>\n\n\n\n<p>Porady, kt\u00f3rych udzielam oparte s\u0105 g\u0142\u00f3wnie na moim wieloletnim do\u015bwiadczeniu jako przedsi\u0119biorcy. <\/p>\n\n\n\n<p class=\"has-white-color has-text-color has-background\" style=\"background-color:#a6981b;font-size:18px\">Teoria jest dobra na sali wyk\u0142adowej, a w biznesie liczy si\u0119 praktyka!<\/p>\n\n\n\n<p>Sukces osi\u0105ga si\u0119 dzia\u0142aniem, popartym wiedz\u0105. On nie spada z nieba, nie zale\u017cy od szcz\u0119\u015bcia, ale od Twojego zaanga\u017cowania.<\/p>\n\n\n\n<p>A wi\u0119c, czas na Tw\u00f3j krok -)<\/p>\n\n\n\n<p>Zgodnie z has\u0142em:<\/p>\n\n\n\n<h2 class=\"wp-block-heading has-text-align-center has-text-color\" style=\"color:#a6981b\"><strong>\u200bBusinesSteps &#8211; Your Move!<\/strong><\/h2>\n\n\n\n<p class=\"has-text-align-center\"><strong>Moje do\u015bwiadczenie dla Twojej korzy\u015bci!<\/strong><\/p>\n\n\n\n<p class=\"has-text-align-center has-text-color\" style=\"color:#a6981b\">Jak mog\u0119 Ci pom\u00f3c?<\/p>\n","protected":false},"excerpt":{"rendered":"<p>Ten projekt biznesowego wsparcia powsta\u0142 z pocz\u0105tkiem 2017 roku, kiedy grupa przedsi\u0119biorc\u00f3w prowadz\u0105cych szko\u0142y j\u0119zykowe stworzy\u0142a spo\u0142eczno\u015b\u0107 w celu wzajemej wymiany do\u015bwiadcze\u0144 bran\u017cowych. Nazywam si\u0119 Iza Czy\u017cewska &#8211; wspieram swym do\u015bwiadczeniem i rad\u0105 mentorsk\u0105. Stworzy\u0142am BusinesSteps &#8211; mark\u0119 szkoleniow\u0105 i zacz\u0119\u0142am dzieli\u0107 si\u0119 bogatym do\u015bwiadczeniem w bran\u017cy i wiedz\u0105 o prowadzeniu firmy zar\u00f3wno na grupie [&hellip;]<\/p>\n","protected":false},"author":1,"featured_media":0,"parent":0,"menu_order":1,"comment_status":"closed","ping_status":"closed","template":"","meta":{"footnotes":""},"class_list":["post-2","page","type-page","status-publish","hentry"],"jetpack_sharing_enabled":true,"_links":{"self":[{"href":"https:\/\/businessteps.pl\/index.php?rest_route=\/wp\/v2\/pages\/2","targetHints":{"allow":["GET"]}}],"collection":[{"href":"https:\/\/businessteps.pl\/index.php?rest_route=\/wp\/v2\/pages"}],"about":[{"href":"https:\/\/businessteps.pl\/index.php?rest_route=\/wp\/v2\/types\/page"}],"author":[{"embeddable":true,"href":"https:\/\/businessteps.pl\/index.php?rest_route=\/wp\/v2\/users\/1"}],"replies":[{"embeddable":true,"href":"https:\/\/businessteps.pl\/index.php?rest_route=%2Fwp%2Fv2%2Fcomments&post=2"}],"version-history":[{"count":49,"href":"https:\/\/businessteps.pl\/index.php?rest_route=\/wp\/v2\/pages\/2\/revisions"}],"predecessor-version":[{"id":522,"href":"https:\/\/businessteps.pl\/index.php?rest_route=\/wp\/v2\/pages\/2\/revisions\/522"}],"wp:attachment":[{"href":"https:\/\/businessteps.pl\/index.php?rest_route=%2Fwp%2Fv2%2Fmedia&parent=2"}],"curies":[{"name":"wp","href":"https:\/\/api.w.org\/{rel}","templated":true}]}}