{"id":3,"date":"2021-04-20T22:23:37","date_gmt":"2021-04-20T20:23:37","guid":{"rendered":"http:\/\/businessteps.pl\/?page_id=3"},"modified":"2021-09-16T20:30:52","modified_gmt":"2021-09-16T18:30:52","slug":"polityka-prywatnosci","status":"publish","type":"page","link":"https:\/\/businessteps.pl\/?page_id=3","title":{"rendered":"Polityka prywatno\u015bci"},"content":{"rendered":"\n<h2 class=\"wp-block-heading\">Gdzie przesy\u0142amy dane<\/h2>\n\n\n\n<ol class=\"wp-block-list\"><li>Administratorem Pa\u0144stwa danych osobowych jest English Way School Szko\u0142a J\u0119zyk\u00f3w Obcych sp. z o. o. NIP 125-163-84-91, ul. Kopernika 36, 05-091 Z\u0105bki;<\/li><li>Administrator przetwarza nast\u0119puj\u0105ce kategorie danych osobowych: dane identyfikacyjne, dane adresowe, dane kontaktowe oraz ewentualnie inne dane, je\u017celi s\u0105 one niezb\u0119dne do cel\u00f3w, w kt\u00f3rych Administrator przetwarza dane;\u00a0<\/li><li>dane osobowe mog\u0105 by\u0107 przetwarzane przez Administratora w nast\u0119puj\u0105cych celach:\u00a0<\/li><\/ol>\n\n\n\n<ol class=\"wp-block-list\"><li>wykonania umowy, kt\u00f3r\u0105 zawarli Pa\u0144stwo z Administratorem, lub podj\u0119cia dzia\u0142a\u0144 na Pa\u0144stwa \u017c\u0105danie, przed zawarciem umowy \u2013 na podstawie art. 6 ust. 1 lit. b RODO;<\/li><li>prowadzenia marketingu bezpo\u015bredniego produkt\u00f3w i us\u0142ug Administratora, co jest prawnie uzasadnionym interesem Administratora \u2013 na podstawie art. 6 ust. 1 lit. f RODO (o ile wyrazili Pa\u0144stwo zgod\u0119 na otrzymywanie informacji handlowej stosownie do odr\u0119bnych przepis\u00f3w);<\/li><li>odpowiedzi na Pa\u0144stwa zapytania lub korespondencj\u0119 skierowan\u0105 do Administratora, co jest prawnie uzasadnionym interesem Administratora \u2013 na podstawie art. 6 ust. 1 lit. f RODO;<\/li><li>wype\u0142niania obowi\u0105zk\u00f3w prawnych ci\u0105\u017c\u0105cych na Administratorze \u2013 na podstawie art. 6 ust. 1 lit. c RODO;<\/li><li>dochodzenia roszcze\u0144 lub obrony przed roszczeniami, co jest prawnie uzasadnionym interesem Administratora \u2013 na podstawie art. 6 ust. 1 lit. f RODO;<\/li><li>Administrator mo\u017ce przechowywa\u0107 Pa\u0144stwa dane osobowe przez nast\u0119puj\u0105ce okresy:<\/li><\/ol>\n\n\n\n<ol class=\"wp-block-list\"><li>w przypadku danych przetwarzanych w celu wykonania umowy lub podj\u0119cia dzia\u0142a\u0144 na Pa\u0144stwa \u017c\u0105danie \u2013 przez okres wymagany przepisami prawa oraz okres niezb\u0119dny do dochodzenia w\u0142asnych roszcze\u0144 lub obrony przed roszczeniami zg\u0142oszonymi w stosunku do Administratora;<\/li><li>w przypadku danych przetwarzanych w celu prowadzenia marketingu \u2013 do momentu zg\u0142oszenia sprzeciwu wzgl\u0119dem ich przetwarzania w tym celu, cofni\u0119cia lub wyga\u015bni\u0119cia zgody albo do czasu, kiedy Administrator zdecyduje o ich usuni\u0119ciu;<\/li><li>przypadku danych przetwarzanych w celu odpowiedzi na Pa\u0144stwa zapytania lub korespondencj\u0119 \u2013 przez okres 5 lat od momentu przes\u0142ania zapytania lub korespondencji;<\/li><li>w przypadku danych przetwarzanych w celu wype\u0142nienia obowi\u0105zk\u00f3w prawnych ci\u0105\u017c\u0105cych na Administratorze \u2013 przez okres wymagany przepisami prawa;<\/li><li>w przypadku danych przetwarzanych w celu dochodzenia roszcze\u0144 lub obrony przed roszczeniami \u2013 przez okres przedawnienia potencjalnych roszcze\u0144;<\/li><\/ol>\n\n\n\n<ol class=\"wp-block-list\" start=\"5\"><li>Administrator przetwarza dane osobowe, kt\u00f3re pochodz\u0105 od Pa\u0144stwa lub podmiotu, z kt\u00f3rym s\u0105 Pa\u0144stwo zwi\u0105zani; Administrator mo\u017ce przetwarza\u0107 r\u00f3wnie\u017c dane pochodz\u0105ce ze \u017ar\u00f3de\u0142 og\u00f3lnodost\u0119pnych;<\/li><li>dane osobowe mog\u0105 zosta\u0107 udost\u0119pnione podmiotom \u015bwiadcz\u0105cym na rzecz Administratora us\u0142ugi marketingowe, kadrowe, ksi\u0119gowe, prawne, a tak\u017ce dostawcom us\u0142ug lub rozwi\u0105za\u0144 informatycznych, w tym dostawcy narz\u0119dzia u\u0142atwiaj\u0105cego wysy\u0142anie zbiorczej korespondencji mailowej a tak\u017ce podmiotom uczestnicz\u0105cym w procesie realizacji umowy \u0142\u0105cz\u0105cej podmiot, kt\u00f3rego dane dotycz\u0105 i Administratora;<\/li><li>osobie, kt\u00f3rej dane dotycz\u0105 przys\u0142uguj\u0105 nast\u0119puj\u0105ce prawa:&nbsp;<\/li><\/ol>\n\n\n\n<ol class=\"wp-block-list\"><li>prawo dost\u0119pu do podanych danych osobowych oraz prawo otrzymania ich kopii;<\/li><li>prawo do sprostowania danych osobowych;<\/li><li>prawo do usuni\u0119cia danych osobowych;<\/li><li>prawo do \u017c\u0105dania ograniczenia przetwarzania danych osobowych;<\/li><li>prawo do przeniesienia danych osobowych;&nbsp;<\/li><li>prawo sprzeciwu wobec przetwarzania podanych danych osobowych;&nbsp;<\/li><li>prawo do wniesienia skargi do organu nadzorczego;&nbsp;&nbsp;<\/li><\/ol>\n\n\n\n<ol class=\"wp-block-list\" start=\"8\"><li>w przypadku, gdy przetwarzanie danych odbywa si\u0119 na podstawie zgody, osoba kt\u00f3rej dane dotycz\u0105, ma r\u00f3wnie\u017c prawo do cofni\u0119cia zgody na przetwarzanie danych osobowych w dowolnym momencie; cofni\u0119cie zgody nie wp\u0142ywa na zgodno\u015b\u0107 z prawem przetwarzania, kt\u00f3rego dokonano na podstawie zgody przed jej cofni\u0119ciem;<\/li><li>w celu skorzystania z jakiegokolwiek prawa, o kt\u00f3rym mowa wy\u017cej osoba, kt\u00f3rej dane dotycz\u0105 mo\u017ce skierowa\u0107 do Administratora \u017c\u0105danie pisemnie za po\u015brednictwem poczty elektronicznej na adres izabela.maria.czyzewska@gmail.com<\/li><\/ol>\n\n\n\n<h3 class=\"wp-block-heading\"><\/h3>\n","protected":false},"excerpt":{"rendered":"<p>Gdzie przesy\u0142amy dane Administratorem Pa\u0144stwa danych osobowych jest English Way School Szko\u0142a J\u0119zyk\u00f3w Obcych sp. z o. o. NIP 125-163-84-91, ul. Kopernika 36, 05-091 Z\u0105bki; Administrator przetwarza nast\u0119puj\u0105ce kategorie danych osobowych: dane identyfikacyjne, dane adresowe, dane kontaktowe oraz ewentualnie inne dane, je\u017celi s\u0105 one niezb\u0119dne do cel\u00f3w, w kt\u00f3rych Administrator przetwarza dane;\u00a0 dane osobowe mog\u0105 [&hellip;]<\/p>\n","protected":false},"author":1,"featured_media":0,"parent":74,"menu_order":0,"comment_status":"closed","ping_status":"closed","template":"","meta":{"footnotes":""},"class_list":["post-3","page","type-page","status-publish","hentry"],"jetpack_sharing_enabled":true,"_links":{"self":[{"href":"https:\/\/businessteps.pl\/index.php?rest_route=\/wp\/v2\/pages\/3","targetHints":{"allow":["GET"]}}],"collection":[{"href":"https:\/\/businessteps.pl\/index.php?rest_route=\/wp\/v2\/pages"}],"about":[{"href":"https:\/\/businessteps.pl\/index.php?rest_route=\/wp\/v2\/types\/page"}],"author":[{"embeddable":true,"href":"https:\/\/businessteps.pl\/index.php?rest_route=\/wp\/v2\/users\/1"}],"replies":[{"embeddable":true,"href":"https:\/\/businessteps.pl\/index.php?rest_route=%2Fwp%2Fv2%2Fcomments&post=3"}],"version-history":[{"count":4,"href":"https:\/\/businessteps.pl\/index.php?rest_route=\/wp\/v2\/pages\/3\/revisions"}],"predecessor-version":[{"id":258,"href":"https:\/\/businessteps.pl\/index.php?rest_route=\/wp\/v2\/pages\/3\/revisions\/258"}],"up":[{"embeddable":true,"href":"https:\/\/businessteps.pl\/index.php?rest_route=\/wp\/v2\/pages\/74"}],"wp:attachment":[{"href":"https:\/\/businessteps.pl\/index.php?rest_route=%2Fwp%2Fv2%2Fmedia&parent=3"}],"curies":[{"name":"wp","href":"https:\/\/api.w.org\/{rel}","templated":true}]}}