{"id":114,"date":"2021-09-14T10:18:12","date_gmt":"2021-09-14T08:18:12","guid":{"rendered":"http:\/\/businessteps.pl\/?post_type=product&#038;p=114"},"modified":"2023-09-06T11:58:07","modified_gmt":"2023-09-06T09:58:07","slug":"umowa-zlecenie-z-prowadzacym-zajecia","status":"publish","type":"product","link":"https:\/\/businessteps.pl\/?product=umowa-zlecenie-z-prowadzacym-zajecia","title":{"rendered":"Umowa zlecenie z prowadz\u0105cym zaj\u0119cia"},"content":{"rendered":"<p><strong>Umowa zawiera m. in. nast\u0119puj\u0105ce WA\u017bNE i chroni\u0105ce Tw\u00f3j interes zapisy:<\/strong><\/p>\n<ul>\n<li>o zakazie konkurencji<\/li>\n<li>o klauzuli poufno\u015bci<\/li>\n<li>o obowi\u0105zkach zleceniobiorcy<\/li>\n<li>o warunkach informowania o nieobecno\u015bci w pracy<\/li>\n<li>o konsekwencjach finansowych nieprzestrzegania zapis\u00f3w umowy<\/li>\n<li>o warunkach wsp\u00f3\u0142pracy<\/li>\n<\/ul>\n<p>Zawiera tak\u017ce wszystkie niezb\u0119dne paragrafy, opisuj\u0105ce warunki wzajemnej wsp\u00f3\u0142pracy. <strong>Umowa jest aktualna i zgodna z obowi\u0105zuj\u0105cym w 2021 r. prawem.<\/strong><\/p>\n<p>Po zakupie\u00a0<strong>otrzymasz plik w formacie word<\/strong>, otwarty do edycji, z wyra\u017anie zaznaczonymi miejscami do wype\u0142nienia przez Ciebie (dane firmy,\u00a0 stawki, nr rachunku bankowego itp.)<\/p>\n<p>Przeczytaj uwa\u017cnie tre\u015b\u0107\u00a0 umowy i dostosuj dane firmy i szczeg\u00f3\u0142y do swoich potrzeb!<\/p>\n","protected":false},"excerpt":{"rendered":"<p>Nie masz do\u015bwiadczenia w zatrudnianiu, ale nadszed\u0142 moment na stanie si\u0119 pracodawc\u0105?<\/p>\n<p><strong>Potrzebujesz dobrej umowy, kt\u00f3ra zabezpieczy Ci\u0119 przed niesumiennym pracownkiem, nieuczciw\u0105 konkurencj\u0105 i &#8222;podbieraniem&#8221; klient\u00f3w!<\/strong><\/p>\n<p>W\u0142a\u015bnie taka jest<strong> Umowa zlecenie z prowadz\u0105cym zaj\u0119cia <\/strong>\u2013 oparta na wieloletnim do\u015bwiadczeniu w bran\u017cy edukacyjnej, napisana przez prawnika, dopasowana do obecnych reali\u00f3w i zgodna z obowi\u0105zuj\u0105cym prawem.<\/p>\n<p>Przeczytaj w opisie,\u00a0 jakie istotne kwestie obejmuj\u0105 poszczeg\u00f3lne paragrafy umowy.<\/p>\n","protected":false},"featured_media":115,"template":"","meta":[],"product_brand":[],"product_cat":[19],"product_tag":[18,33,17,32,31,30],"class_list":{"0":"post-114","1":"product","2":"type-product","3":"status-publish","4":"has-post-thumbnail","6":"product_cat-dokumentacja-szkoly-jezykowej","7":"product_tag-dokumentacja","8":"product_tag-dokumentacja-szkoly-jezykowej","9":"product_tag-umowa","10":"product_tag-umowa-z-lektorem","11":"product_tag-umowa-z-pracownikiem","12":"product_tag-umowa-zlecenie","14":"first","15":"instock","16":"downloadable","17":"virtual","18":"purchasable","19":"product-type-simple"},"jetpack_sharing_enabled":true,"_links":{"self":[{"href":"https:\/\/businessteps.pl\/index.php?rest_route=\/wp\/v2\/product\/114","targetHints":{"allow":["GET"]}}],"collection":[{"href":"https:\/\/businessteps.pl\/index.php?rest_route=\/wp\/v2\/product"}],"about":[{"href":"https:\/\/businessteps.pl\/index.php?rest_route=\/wp\/v2\/types\/product"}],"wp:featuredmedia":[{"embeddable":true,"href":"https:\/\/businessteps.pl\/index.php?rest_route=\/wp\/v2\/media\/115"}],"wp:attachment":[{"href":"https:\/\/businessteps.pl\/index.php?rest_route=%2Fwp%2Fv2%2Fmedia&parent=114"}],"wp:term":[{"taxonomy":"product_brand","embeddable":true,"href":"https:\/\/businessteps.pl\/index.php?rest_route=%2Fwp%2Fv2%2Fproduct_brand&post=114"},{"taxonomy":"product_cat","embeddable":true,"href":"https:\/\/businessteps.pl\/index.php?rest_route=%2Fwp%2Fv2%2Fproduct_cat&post=114"},{"taxonomy":"product_tag","embeddable":true,"href":"https:\/\/businessteps.pl\/index.php?rest_route=%2Fwp%2Fv2%2Fproduct_tag&post=114"}],"curies":[{"name":"wp","href":"https:\/\/api.w.org\/{rel}","templated":true}]}}