{"id":245,"date":"2021-09-16T16:20:59","date_gmt":"2021-09-16T14:20:59","guid":{"rendered":"http:\/\/businessteps.pl\/?post_type=product&#038;p=245"},"modified":"2024-02-24T04:41:53","modified_gmt":"2024-02-24T03:41:53","slug":"indywidualna-konsultacja-biznesowa","status":"publish","type":"product","link":"https:\/\/businessteps.pl\/?product=indywidualna-konsultacja-biznesowa","title":{"rendered":"Indywidualna konsultacja biznesowa"},"content":{"rendered":"<h4>Je\u015bli chcesz g\u0142\u0119biej popracowa\u0107 nad swoim podej\u015bciem lub uwa\u017casz, \u017ce masz do om\u00f3wienia wi\u0119cej kwestii, to<strong> rozwa\u017c zakup pakietu<\/strong> spotka\u0144.<\/h4>\n<p>&nbsp;<\/p>\n<h4><\/h4>\n<h4>Wybieraj\u0105c <a href=\"http:\/\/businessteps.pl\/?product=pakiet-5-indywidualnych-konsultacji-biznesowych\">pakiet sk\u0142adaj\u0105cy si\u0119 z <\/a><a href=\"http:\/\/businessteps.pl\/?product=pakiet-5-indywidualnych-konsultacji-biznesowych\"><strong>5 godzin konsultacji<\/strong><\/a>, zap\u0142acisz mniej, ni\u017c wykupuj\u0105c pojedyncze lekcje.<\/h4>\n<p>&nbsp;<\/p>\n<h4>Aby wykupi\u0107 ten pakiet rezerwujesz tylko termin pierwszego spotkania (1 godzina). Pozosta\u0142e terminy ustalimy podczas pierwszych zaj\u0119\u0107.<\/h4>\n<p>&nbsp;<\/p>\n<p><strong>Je\u015bli natomiast chcesz spr\u00f3bowa\u0107, czy jest mi\u0119dzy nami flow i chcesz korzysta\u0107 z mojego do\u015bwiadczenia dla rozwoju swojego biznesu, to <a href=\"http:\/\/businessteps.pl\/?product=indywidualna-konsultacja-biznesowa\">wykup 1 godzin\u0119 konsultacji biznesowej<\/a>.<\/strong><\/p>\n<p>&nbsp;<\/p>\n<p><strong>Konsultacje odbywaj\u0105 si\u0119 przez Zoom.\u00a0<\/strong><\/p>\n<p>Po zaksi\u0119gowaniu wp\u0142aty za zam\u00f3wienie, otrzymasz mailem propozycj\u0119 terminu spotkania, a nast\u0119pnie um\u00f3wimy si\u0119 na rozmow\u0119 na komunikatorze.<\/p>\n","protected":false},"excerpt":{"rendered":"<h4>Potrzebujesz pomocy, wsparcia w prowadzeniu swojego biznesu?<\/h4>\n<h4>Przyt\u0142acza Ci\u0119 nadmiar spraw i obowi\u0105zk\u00f3w?<\/h4>\n<h4>Czujesz, \u017ce co\u015b musisz zmieni\u0107, ale nie wiesz, od czego zacz\u0105\u0107?<\/h4>\n<p>&nbsp;<\/p>\n<h4><strong>Zapraszam Ci\u0119 na indywidualn\u0105 konsultacj\u0119 biznesow\u0105 Golden Hour.<\/strong><\/h4>\n<p><img loading=\"lazy\" decoding=\"async\" class=\" wp-image-200 alignleft\" src=\"http:\/\/businessteps.pl\/wp-content\/uploads\/2021\/09\/IMG_1094-200x300.jpg\" alt=\"\" width=\"202\" height=\"303\" srcset=\"https:\/\/businessteps.pl\/wp-content\/uploads\/2021\/09\/IMG_1094-200x300.jpg 200w, https:\/\/businessteps.pl\/wp-content\/uploads\/2021\/09\/IMG_1094-683x1024.jpg 683w, https:\/\/businessteps.pl\/wp-content\/uploads\/2021\/09\/IMG_1094-768x1152.jpg 768w, https:\/\/businessteps.pl\/wp-content\/uploads\/2021\/09\/IMG_1094-1024x1536.jpg 1024w, https:\/\/businessteps.pl\/wp-content\/uploads\/2021\/09\/IMG_1094-1365x2048.jpg 1365w, https:\/\/businessteps.pl\/wp-content\/uploads\/2021\/09\/IMG_1094-416x624.jpg 416w, https:\/\/businessteps.pl\/wp-content\/uploads\/2021\/09\/IMG_1094-scaled.jpg 1707w\" sizes=\"auto, (max-width: 202px) 100vw, 202px\" \/><\/p>\n<blockquote><p>&nbsp;<\/p>\n<p>Jest to 60-minutowa sesja podczas kt\u00f3rej ca\u0142kowicie skupiam si\u0119 na Tobie i Twoim problemie.<\/p><\/blockquote>\n<p>&nbsp;<\/p>\n<p>&nbsp;<\/p>\n<p>&nbsp;<\/p>\n<h4><strong>Czego mo\u017cesz oczekiwa\u0107 po naszej rozmowie?<\/strong><\/h4>\n<h4>Podczas indywidualnej konsultacji:<\/h4>\n<ul>\n<li>\n<h4>wys\u0142ucham Ci\u0119 i razem ustalimy \u017ar\u00f3d\u0142o problem\u00f3w<\/h4>\n<\/li>\n<li>\n<h4>ustalimy priorytety dzia\u0142a\u0144<\/h4>\n<\/li>\n<li>\n<h4>otrzymasz list\u0119 wskaz\u00f3wek i porad praktycznych do natychmiastowego wdro\u017cenia<\/h4>\n<\/li>\n<li>\n<h4>rozpiszemy kolejne kroki naprawcze<\/h4>\n<\/li>\n<li>\n<h4>poka\u017c\u0119 Ci narz\u0119dzia i materia\u0142y u\u0142atwiaj\u0105ce prac\u0119<\/h4>\n<\/li>\n<\/ul>\n<p>Dodatkowo otrzymasz mo\u017cliwo\u015b\u0107 kontaktu ze mn\u0105 i dodatkowego wsparcia.<\/p>\n<h4><strong>Dzi\u0119ki indywidualnej konsultacji biznesowej:<\/strong><\/h4>\n<ul>\n<li>\n<h4>dowiesz si\u0119, jakie kroki musisz wykona\u0107, aby osi\u0105gn\u0105\u0107 zamierzony cel<\/h4>\n<\/li>\n<li>\n<h4>ustalisz list\u0119 najwa\u017cniejszych zada\u0144<\/h4>\n<\/li>\n<li>\n<h4>uporz\u0105dkujesz swoje my\u015blenie<\/h4>\n<\/li>\n<li>\n<h4>wprowadzisz porz\u0105dek w swoje dzia\u0142ania<\/h4>\n<\/li>\n<\/ul>\n<p>&nbsp;<\/p>\n","protected":false},"featured_media":246,"template":"","meta":[],"product_brand":[],"product_cat":[38],"product_tag":[43,42,39,40,41],"class_list":{"0":"post-245","1":"product","2":"type-product","3":"status-publish","4":"has-post-thumbnail","6":"product_cat-biznes","7":"product_tag-biznes","8":"product_tag-coaching","9":"product_tag-konsultacja","10":"product_tag-porady","11":"product_tag-szkolenie","13":"first","14":"instock","15":"virtual","16":"purchasable","17":"product-type-simple"},"jetpack_sharing_enabled":true,"_links":{"self":[{"href":"https:\/\/businessteps.pl\/index.php?rest_route=\/wp\/v2\/product\/245","targetHints":{"allow":["GET"]}}],"collection":[{"href":"https:\/\/businessteps.pl\/index.php?rest_route=\/wp\/v2\/product"}],"about":[{"href":"https:\/\/businessteps.pl\/index.php?rest_route=\/wp\/v2\/types\/product"}],"wp:featuredmedia":[{"embeddable":true,"href":"https:\/\/businessteps.pl\/index.php?rest_route=\/wp\/v2\/media\/246"}],"wp:attachment":[{"href":"https:\/\/businessteps.pl\/index.php?rest_route=%2Fwp%2Fv2%2Fmedia&parent=245"}],"wp:term":[{"taxonomy":"product_brand","embeddable":true,"href":"https:\/\/businessteps.pl\/index.php?rest_route=%2Fwp%2Fv2%2Fproduct_brand&post=245"},{"taxonomy":"product_cat","embeddable":true,"href":"https:\/\/businessteps.pl\/index.php?rest_route=%2Fwp%2Fv2%2Fproduct_cat&post=245"},{"taxonomy":"product_tag","embeddable":true,"href":"https:\/\/businessteps.pl\/index.php?rest_route=%2Fwp%2Fv2%2Fproduct_tag&post=245"}],"curies":[{"name":"wp","href":"https:\/\/api.w.org\/{rel}","templated":true}]}}