{"id":295,"date":"2021-09-30T17:22:23","date_gmt":"2021-09-30T15:22:23","guid":{"rendered":"http:\/\/businessteps.pl\/?post_type=product&#038;p=295"},"modified":"2023-09-06T11:59:20","modified_gmt":"2023-09-06T09:59:20","slug":"umowa-o-wspolprace-btb","status":"publish","type":"product","link":"https:\/\/businessteps.pl\/?product=umowa-o-wspolprace-btb","title":{"rendered":"Umowa o wsp\u00f3\u0142prac\u0119 BTB"},"content":{"rendered":"<p><strong>Umowa zawiera m. in. nast\u0119puj\u0105ce WA\u017bNE i chroni\u0105ce Tw\u00f3j interes zapisy:<\/strong><\/p>\n<ul>\n<li>o zakazie konkurencji<\/li>\n<li>o klauzuli poufno\u015bci<\/li>\n<li>o obowi\u0105zkach zleceniobiorcy<\/li>\n<li>o warunkach informowania o nieobecno\u015bci w pracy<\/li>\n<li>o konsekwencjach finansowych nieprzestrzegania zapis\u00f3w umowy<\/li>\n<li>o warunkach wsp\u00f3\u0142pracy<\/li>\n<\/ul>\n<p>Zawiera tak\u017ce wszystkie niezb\u0119dne paragrafy, opisuj\u0105ce warunki wzajemnej wsp\u00f3\u0142pracy. <strong>Umowa jest aktualna i zgodna z obowi\u0105zuj\u0105cym\u00a0 prawem.<\/strong><\/p>\n<p>Po zakupie\u00a0<strong>otrzymasz plik w formacie word<\/strong>, otwarty do edycji, z wyra\u017anie zaznaczonymi miejscami do wype\u0142nienia przez Ciebie (dane firmy,\u00a0 stawki, nr rachunku bankowego itp.)<\/p>\n<p>Otrzymasz tak\u017ce za\u0142\u0105cznik do umowy &#8211; regulamin wsp\u00f3\u0142pracy dla lektora.<\/p>\n<p>Przeczytaj uwa\u017cnie tre\u015b\u0107\u00a0 umowy i dostosuj dane firmy i szczeg\u00f3\u0142y do swoich potrzeb!<\/p>\n","protected":false},"excerpt":{"rendered":"<p>Wsp\u00f3\u0142pracujesz z osob\u0105, kt\u00f3ra prowadzi w\u0142asn\u0105 dzia\u0142alno\u015b\u0107 gospodarcz\u0105 i wystawia Ci po prostu faktury za wykonan\u0105 us\u0142ug\u0119?<\/p>\n<p>To \u015bwietne (i najta\u0144sze) rozwi\u0105zanie, jednak warto zabezpieczy\u0107 swoje interesy.<\/p>\n<p><b>Potrzebujesz dobrej umowy, kt\u00f3ra zabezpieczy Ci\u0119 przed niesumiennym zleceniobiorc\u0105, nieuczciw\u0105 konkurencj\u0105 i &#8222;podbieraniem&#8221; klient\u00f3w!<\/b><\/p>\n<p>W\u0142a\u015bnie taka jest<strong> Umowa o wsp\u00f3\u0142prac\u0119 BTB <\/strong>\u2013 oparta na wieloletnim do\u015bwiadczeniu w bran\u017cy edukacyjnej, napisana przez prawnika, dopasowana do obecnych reali\u00f3w i zgodna z obowi\u0105zuj\u0105cym prawem.<\/p>\n<p>Przeczytaj w opisie,\u00a0 jakie istotne kwestie obejmuj\u0105 poszczeg\u00f3lne paragrafy umowy.<\/p>\n","protected":false},"featured_media":294,"template":"","meta":[],"product_brand":[],"product_cat":[38,19],"product_tag":[46,18,33,17,45,32,31],"class_list":{"0":"post-295","1":"product","2":"type-product","3":"status-publish","4":"has-post-thumbnail","6":"product_cat-biznes","7":"product_cat-dokumentacja-szkoly-jezykowej","8":"product_tag-btb","9":"product_tag-dokumentacja","10":"product_tag-dokumentacja-szkoly-jezykowej","11":"product_tag-umowa","12":"product_tag-umowa-o-wspolprace","13":"product_tag-umowa-z-lektorem","14":"product_tag-umowa-z-pracownikiem","16":"first","17":"instock","18":"downloadable","19":"shipping-taxable","20":"purchasable","21":"product-type-simple"},"jetpack_sharing_enabled":true,"_links":{"self":[{"href":"https:\/\/businessteps.pl\/index.php?rest_route=\/wp\/v2\/product\/295","targetHints":{"allow":["GET"]}}],"collection":[{"href":"https:\/\/businessteps.pl\/index.php?rest_route=\/wp\/v2\/product"}],"about":[{"href":"https:\/\/businessteps.pl\/index.php?rest_route=\/wp\/v2\/types\/product"}],"wp:featuredmedia":[{"embeddable":true,"href":"https:\/\/businessteps.pl\/index.php?rest_route=\/wp\/v2\/media\/294"}],"wp:attachment":[{"href":"https:\/\/businessteps.pl\/index.php?rest_route=%2Fwp%2Fv2%2Fmedia&parent=295"}],"wp:term":[{"taxonomy":"product_brand","embeddable":true,"href":"https:\/\/businessteps.pl\/index.php?rest_route=%2Fwp%2Fv2%2Fproduct_brand&post=295"},{"taxonomy":"product_cat","embeddable":true,"href":"https:\/\/businessteps.pl\/index.php?rest_route=%2Fwp%2Fv2%2Fproduct_cat&post=295"},{"taxonomy":"product_tag","embeddable":true,"href":"https:\/\/businessteps.pl\/index.php?rest_route=%2Fwp%2Fv2%2Fproduct_tag&post=295"}],"curies":[{"name":"wp","href":"https:\/\/api.w.org\/{rel}","templated":true}]}}