{"id":299,"date":"2021-10-01T18:21:26","date_gmt":"2021-10-01T16:21:26","guid":{"rendered":"http:\/\/businessteps.pl\/?post_type=product&#038;p=299"},"modified":"2021-10-01T18:44:15","modified_gmt":"2021-10-01T16:44:15","slug":"regulamin-wspolpracy-z-prowadzacym-zajecia","status":"publish","type":"product","link":"https:\/\/businessteps.pl\/?product=regulamin-wspolpracy-z-prowadzacym-zajecia","title":{"rendered":"*** GRATIS *** Regulamin wsp\u00f3\u0142pracy z prowadz\u0105cym zaj\u0119cia"},"content":{"rendered":"<p>W regulaminie poruszone s\u0105 m.in. kwestie:<\/p>\n<ul>\n<li>dyscypliny\u00a0 pracy (np. punktualno\u015b\u0107, odpowiedzialno\u015b\u0107 za powierzone materia\u0142y)<\/li>\n<li>porz\u0105dkowe (np. pozostawienie miejsca pracy w czysto\u015bci i odpowiednim stanie)<\/li>\n<li>prowadzenia dokumentacji zaj\u0119\u0107<\/li>\n<li>odwo\u0142ywania zaj\u0119\u0107 i informowania o tym<\/li>\n<li>konsekwencji finansowych niedope\u0142nienia obowi\u0105zk\u00f3w<\/li>\n<li>oceny pracy<\/li>\n<\/ul>\n<p>&nbsp;<\/p>\n<p>Regulamin warto doda\u0107 do umowy z pracownikiem, jako za\u0142\u0105cznik.<\/p>\n<p>Podpisany przez niego jest dokumentem, na podstawie kt\u00f3rego mo\u017cemy go rozlicza\u0107.<\/p>\n<p>Po z\u0142o\u017ceniu zam\u00f3wienia w sklepie otrzymasz mailem plik w formacie Word &#8211; otwarty do edycji, na \u017c\u00f3\u0142to s\u0105 zaznaczone pola do w\u0142asnor\u0119cznego uzupe\u0142nienia.<\/p>\n<p>Wstaw tam informacje dotycz\u0105ce Twojej firmy.<\/p>\n<p>Mo\u017cesz tak\u017ce dowolnie zmienia\u0107 tre\u015b\u0107, tak aby jak najbardziej dostosowa\u0107 j\u0105 do warunk\u00f3w pracy u Ciebie.<\/p>\n<p>&nbsp;<\/p>\n<p>&nbsp;<\/p>\n<p>&nbsp;<\/p>\n","protected":false},"excerpt":{"rendered":"<h4>Zatrudniasz pracownik\u00f3w w firmie?<\/h4>\n<h4>Znakomicie!<\/h4>\n<h4>Czy jednak wszystko dzia\u0142a tak, jak powinno?<\/h4>\n<p><strong>Czy nie jest tak, \u017ce wszystko wci\u0105\u017c spoczywa na Twojej g\u0142owie?<\/strong><\/p>\n<p>Musisz pami\u0119ta\u0107 o wszystkim i wszystkiego dopilnowa\u0107, bo pracownicy nie dbaj\u0105 o oszcz\u0119dno\u015b\u0107 energii, porz\u0105dek itp.<\/p>\n<p>Czy tak musi by\u0107?<\/p>\n<p>Oczywi\u015bcie, \u017ce nie \u2013 jednak ludzie maj\u0105 to do siebie,\u00a0 \u017ce kiedy nie ma jasno ustalonych zasad, to ich po prostu\u2026 nie stosuj\u0105!<\/p>\n<h4>REGULAMIN &#8211; tego w\u0142a\u015bnie potrzebujesz!<\/h4>\n<blockquote><p>Warto mie\u0107 konkretne zasady i oczekiwania wobec pracownika spisane w regulaminie pracy.<\/p><\/blockquote>\n<p>Musisz jasno sformu\u0142owa\u0107 i uj\u0105\u0107 w punkty to, co niezb\u0119dne, aby Twoja firma g\u0142adko funkcjonowa\u0142a, a Tobie nie sp\u0119dza\u0142y snu z powiek drobiazgi, kt\u00f3rych dopilnowa\u0107 mog\u0105 Twoi pracownicy.<\/p>\n<p>Taki w\u0142a\u015bnie jest Regulamin wsp\u00f3\u0142pracy z prowadz\u0105cym zaj\u0119cia!<\/p>\n<p>&nbsp;<\/p>\n","protected":false},"featured_media":301,"template":"","meta":[],"product_brand":[],"product_cat":[15],"product_tag":[43,33,40,47,41],"class_list":{"0":"post-299","1":"product","2":"type-product","3":"status-publish","4":"has-post-thumbnail","6":"product_cat-top","7":"product_tag-biznes","8":"product_tag-dokumentacja-szkoly-jezykowej","9":"product_tag-porady","10":"product_tag-regulamin-pracy","11":"product_tag-szkolenie","13":"first","14":"instock","15":"downloadable","16":"shipping-taxable","17":"purchasable","18":"product-type-simple"},"jetpack_sharing_enabled":true,"_links":{"self":[{"href":"https:\/\/businessteps.pl\/index.php?rest_route=\/wp\/v2\/product\/299","targetHints":{"allow":["GET"]}}],"collection":[{"href":"https:\/\/businessteps.pl\/index.php?rest_route=\/wp\/v2\/product"}],"about":[{"href":"https:\/\/businessteps.pl\/index.php?rest_route=\/wp\/v2\/types\/product"}],"wp:featuredmedia":[{"embeddable":true,"href":"https:\/\/businessteps.pl\/index.php?rest_route=\/wp\/v2\/media\/301"}],"wp:attachment":[{"href":"https:\/\/businessteps.pl\/index.php?rest_route=%2Fwp%2Fv2%2Fmedia&parent=299"}],"wp:term":[{"taxonomy":"product_brand","embeddable":true,"href":"https:\/\/businessteps.pl\/index.php?rest_route=%2Fwp%2Fv2%2Fproduct_brand&post=299"},{"taxonomy":"product_cat","embeddable":true,"href":"https:\/\/businessteps.pl\/index.php?rest_route=%2Fwp%2Fv2%2Fproduct_cat&post=299"},{"taxonomy":"product_tag","embeddable":true,"href":"https:\/\/businessteps.pl\/index.php?rest_route=%2Fwp%2Fv2%2Fproduct_tag&post=299"}],"curies":[{"name":"wp","href":"https:\/\/api.w.org\/{rel}","templated":true}]}}