{"id":33,"date":"2021-08-30T17:14:22","date_gmt":"2021-08-30T15:14:22","guid":{"rendered":"http:\/\/businessteps.pl\/?product=album"},"modified":"2024-02-06T14:19:34","modified_gmt":"2024-02-06T13:19:34","slug":"album","status":"publish","type":"product","link":"https:\/\/businessteps.pl\/?product=album","title":{"rendered":"Umowa grupowa na kurs j\u0119zykowy"},"content":{"rendered":"<p><strong>Umowa zawiera m. in. nast\u0119puj\u0105ce WA\u017bNE i chroni\u0105ce Tw\u00f3j interes zapisy:<\/strong><\/p>\n<ul>\n<li>o minimalnej liczbie kursant\u00f3w &#8211; mo\u017cesz okre\u015bli\u0107 w\u0142asn\u0105 liczb\u0119 kursant\u00f3w, od kt\u00f3rej rusza kurs<\/li>\n<li>o zmianie lektora w trakcie kursu<\/li>\n<li>o wyst\u0105pieniu si\u0142y wy\u017cszej (np. pandemia) i przej\u015bciu w tryb online<\/li>\n<li>o zakresie odpowiedzialno\u015bci za bezpiecze\u0144stwo kursanta<\/li>\n<li>o sposobie wypowiedzenia umowy przez klienta<\/li>\n<li>o warunkach rozlicze\u0144 w przypadku wcze\u015bniejszego wypowiedzenia umowy<\/li>\n<\/ul>\n<p>Zawiera tak\u017ce wszystkie niezb\u0119dne paragrafy, opisuj\u0105ce warunki \u015bwiadczenia us\u0142ug przez Ciebie. <strong>Umowa jest aktualna i zgodna z obowi\u0105zuj\u0105cym w 2021 r. prawem.<\/strong><\/p>\n<p>Po zakupie <strong>otrzymasz plik w formacie word<\/strong>, otwarty do edycji, z wyra\u017anie zaznaczonymi miejscami do wype\u0142nienia przez Ciebie (dane firmy, kurs\u00f3w, nr rachunku bankowego itp.)<\/p>\n<p>Przeczytaj uwa\u017cnie tre\u015b\u0107\u00a0 umowy i dostosuj dane firmy i szczeg\u00f3\u0142y do swoich potrzeb!<\/p>\n<p>&nbsp;<\/p>\n","protected":false},"excerpt":{"rendered":"<p>Chcesz zabezpieczy\u0107 swoje interesy w tych niepewnych czasach?<\/p>\n<p><strong>Potrzebujesz dobrej umowy, skrojonej specjalnie na potrzeby kursu j\u0119zykowego!<\/strong><\/p>\n<p>W\u0142a\u015bnie taka jest<strong> Umowa grupowa\u00a0 na kurs j\u0119zykowy<\/strong> &#8211; oparta na wieloletnim do\u015bwiadczeniu w bran\u017cy edukacyjnej, napisana przez prawnika, dopasowana do obecnych reali\u00f3w i w pe\u0142ni zgodna z prawem konsumenckim.<\/p>\n<p>Przeczytaj w opisie,\u00a0 jakie istotne kwestie obejmuj\u0105 poszczeg\u00f3lne paragrafy umowy.<\/p>\n<p>&nbsp;<\/p>\n<p>&nbsp;<\/p>\n<p>&nbsp;<\/p>\n<p>&nbsp;<\/p>\n","protected":false},"featured_media":35,"template":"","meta":[],"product_brand":[],"product_cat":[19],"product_tag":[18,17,36,35],"class_list":{"0":"post-33","1":"product","2":"type-product","3":"status-publish","4":"has-post-thumbnail","6":"product_cat-dokumentacja-szkoly-jezykowej","7":"product_tag-dokumentacja","8":"product_tag-umowa","9":"product_tag-umowa-grupowa","10":"product_tag-umowa-z-kursantem","12":"first","13":"instock","14":"downloadable","15":"virtual","16":"purchasable","17":"product-type-simple"},"jetpack_sharing_enabled":true,"_links":{"self":[{"href":"https:\/\/businessteps.pl\/index.php?rest_route=\/wp\/v2\/product\/33","targetHints":{"allow":["GET"]}}],"collection":[{"href":"https:\/\/businessteps.pl\/index.php?rest_route=\/wp\/v2\/product"}],"about":[{"href":"https:\/\/businessteps.pl\/index.php?rest_route=\/wp\/v2\/types\/product"}],"wp:featuredmedia":[{"embeddable":true,"href":"https:\/\/businessteps.pl\/index.php?rest_route=\/wp\/v2\/media\/35"}],"wp:attachment":[{"href":"https:\/\/businessteps.pl\/index.php?rest_route=%2Fwp%2Fv2%2Fmedia&parent=33"}],"wp:term":[{"taxonomy":"product_brand","embeddable":true,"href":"https:\/\/businessteps.pl\/index.php?rest_route=%2Fwp%2Fv2%2Fproduct_brand&post=33"},{"taxonomy":"product_cat","embeddable":true,"href":"https:\/\/businessteps.pl\/index.php?rest_route=%2Fwp%2Fv2%2Fproduct_cat&post=33"},{"taxonomy":"product_tag","embeddable":true,"href":"https:\/\/businessteps.pl\/index.php?rest_route=%2Fwp%2Fv2%2Fproduct_tag&post=33"}],"curies":[{"name":"wp","href":"https:\/\/api.w.org\/{rel}","templated":true}]}}