{"id":332,"date":"2021-10-24T15:07:18","date_gmt":"2021-10-24T13:07:18","guid":{"rendered":"http:\/\/businessteps.pl\/?post_type=product&#038;p=332"},"modified":"2022-06-15T15:11:03","modified_gmt":"2022-06-15T13:11:03","slug":"kompletna-dokumentacja-na-wypoczynek-dzieci-i-mlodziezy","status":"publish","type":"product","link":"https:\/\/businessteps.pl\/?product=kompletna-dokumentacja-na-wypoczynek-dzieci-i-mlodziezy","title":{"rendered":"Kompletna dokumentacja na wypoczynek dzieci i m\u0142odzie\u017cy"},"content":{"rendered":"<h4>Opr\u00f3cz tego <strong>otrzymujesz przydatne narz\u0119dzie do wyliczania ceny!<\/strong><\/h4>\n<blockquote><p>Prosty kalkulator w excelu, kt\u00f3rym \u0142atwo policzysz op\u0142acalno\u015b\u0107 dla danej liczby klient\u00f3w i ustalisz w\u0142a\u015bciw\u0105 cen\u0119 turnusu.<\/p><\/blockquote>\n<p>Dostajesz tak\u017ce checklist\u0119 u\u0142atwiaj\u0105c\u0105 zapanowanie nad dokumentacj\u0105 i sprawdzenie, czy s\u0105 ju\u017c zgromadzone wszystkie niezb\u0119dne rzeczy.<\/p>\n<p>Dokumenty s\u0105 w formatach : word, excel lub pdf &#8211; gotowe do uzupe\u0142nienia danymi Twojej firmy (tam, gdzie to konieczne) b\u0105d\u017a gotowe do natychmiastowego wydruku (jak np. karta kwalifikacyjna uczestnika).<\/p>\n<p>Po zaksi\u0119gowaniu wp\u0142aty na koncie\u00a0 <strong>otrzymasz dost\u0119p do folderu na Google drive na podany adres e-mail<\/strong>.<\/p>\n<p>Informacje niezb\u0119dne do finalizacji zam\u00f3wienia i uzyskaniu dost\u0119pu do dokumentacji przyjd\u0105 do Twojej skrzynki pocztowej po z\u0142o\u017ceniu zam\u00f3wienia w sklepie.<\/p>\n<p><strong>Pami\u0119taj, aby uwa\u017cnie zapozna\u0107 si\u0119 z tre\u015bci\u0105 wszystkich dokument\u00f3w<\/strong>, a\u00a0 puste miejsca uzupe\u0142ni\u0107 danymi Twojej firmy.<\/p>\n<p>&nbsp;<\/p>\n<p>&nbsp;<\/p>\n<p>&nbsp;<\/p>\n<p>&nbsp;<\/p>\n<p>&nbsp;<\/p>\n<p>&nbsp;<\/p>\n<p>&nbsp;<\/p>\n","protected":false},"excerpt":{"rendered":"<h4>Oto jest prawdziwy HIT\u00a0 &#8211; oddaj\u0119 w Twoje r\u0119ce najbardziej po\u017c\u0105dany obecnie\u00a0pakiet dokument\u00f3w!<\/h4>\n<p>Jest to komplet <strong>dokumentacji wymaganej przy organizacji wypoczynku<\/strong> dla dzieci i m\u0142odzie\u017cy.<\/p>\n<h4>Je\u015bli organizujesz <strong>P\u00d3\u0141KOLONIE<\/strong> zimowe, czy letnie &#8211; to jest on dla Ciebie po prostu <strong>NIEZB\u0118DNY.<\/strong><\/h4>\n<blockquote><p>Pami\u0119taj, \u017ce Twoja firma nie musi by\u0107 zg\u0142oszona do rejestru organizator\u00f3w turystyki, aby zorganizowa\u0107 p\u00f3\u0142kolonie!<\/p>\n<p>Musisz jednak zebra\u0107 wymagane dokumenty i wykona\u0107 zg\u0142oszenie do kuratorium o\u015bwiaty.<\/p><\/blockquote>\n<h4><strong>Co znajdziesz<\/strong><strong>\u00a0w tym MEGA pakiecie?<\/strong><\/h4>\n<p>&nbsp;<\/p>\n<p>Zawiera on<strong> wzory wszystkich formalnych dokument\u00f3w<\/strong> koniecznych dla:<\/p>\n<ul>\n<li><strong>kuratorium<\/strong> &#8211; niezb\u0119dne do prawid\u0142owego zg\u0142oszenia wypoczynku (jest tego troch\u0119, a m.in. , dziennik zaj\u0119\u0107, dziennik wypadk\u00f3w, karta wypadku, przyk\u0142adowy plan wypoczynku i plan ramowy dnia, o\u015bwiadczenie kierownika i wychowawcy o niekaralno\u015bci, deklaracja dotycz\u0105ca ochrony \u017cycia i zdrowia itd.)<\/li>\n<li><strong>klienta<\/strong> (rodzica) &#8211; m.in.: umowa wypoczynku,karta kwalifikacyjna uczestniika, regulamin, zgoda RODO<\/li>\n<li><strong>pracownika<\/strong> (wychowawcy i kierownika wypoczynku) &#8211; m. in.: umowy zlecenie, zgody RODO, kwestionariusz na potrzeby ZUS i US<\/li>\n<li><strong>organizatora<\/strong> (czyli Ciebie) &#8211; m.in. wniosek o wydanie opinii komendanta PSP, przepisy ustawy o organizacji wypoczynku, listy\u00a0 uczestnik\u00f3w i wp\u0142at itd.<\/li>\n<\/ul>\n<p>&nbsp;<\/p>\n<p>Przez lata, podczas kt\u00f3rych ogranizowa\u0142am liczne wypoczynki dla dzieci i m\u0142odzie\u017cy w r\u00f3\u017cnej formie (obozy, p\u00f3\u0142kolonie, wyjazdy j\u0119zykowe) u\u017cywa\u0142am tych wzor\u00f3w, s\u0105 sprawdzone i akceptowane bez zastrze\u017ce\u0144 przez Kuratorium O\u015bwiaty.<\/p>\n<p>Pami\u0119taj, \u017ce <a href=\"https:\/\/wypoczynek.mein.gov.pl\/login\" target=\"_blank\" rel=\"noopener\">TUTAJ<\/a> zg\u0142aszasz sw\u00f3j wypoczynek.<\/p>\n<blockquote><p>Nawet je\u015bli s\u0105 to p\u00f3\u0142kolonie stacjonarne, to w my\u015bl przepis\u00f3w (je\u015bli trwaj\u0105 cho\u0107by przez dwa dni z rz\u0119du) musisz je zg\u0142osi\u0107.<\/p><\/blockquote>\n<p>To nie jest trudne, wbrew pozorom, a w\u0142a\u015bciwa dokumentacja to znacznie u\u0142atwia.<\/p>\n<h3>Pami\u0119taj o uzyskaniu pozytywnej opinii komendanta stra\u017cy po\u017carnej dla lokalu (w\u0142a\u015bciwego dla miejsca prowdzenia wypoczynku) &#8211; bez tego nie zarejestrujesz zg\u0142oszenia w kuratorium!<\/h3>\n<p>&nbsp;<\/p>\n","protected":false},"featured_media":333,"template":"","meta":[],"product_brand":[],"product_cat":[38,19,48],"product_tag":[18,53,52,51,49,50,54],"class_list":{"0":"post-332","1":"product","2":"type-product","3":"status-publish","4":"has-post-thumbnail","6":"product_cat-biznes","7":"product_cat-dokumentacja-szkoly-jezykowej","8":"product_cat-wypoczynek","9":"product_tag-dokumentacja","10":"product_tag-dokumentacja-dla-kuratorium","11":"product_tag-kolonie","12":"product_tag-oboz","13":"product_tag-organizacja-wypoczynku","14":"product_tag-polkolonie","15":"product_tag-zgloszenie-wypoczynku","17":"first","18":"instock","19":"sale","20":"virtual","21":"purchasable","22":"product-type-simple"},"jetpack_sharing_enabled":true,"_links":{"self":[{"href":"https:\/\/businessteps.pl\/index.php?rest_route=\/wp\/v2\/product\/332","targetHints":{"allow":["GET"]}}],"collection":[{"href":"https:\/\/businessteps.pl\/index.php?rest_route=\/wp\/v2\/product"}],"about":[{"href":"https:\/\/businessteps.pl\/index.php?rest_route=\/wp\/v2\/types\/product"}],"wp:featuredmedia":[{"embeddable":true,"href":"https:\/\/businessteps.pl\/index.php?rest_route=\/wp\/v2\/media\/333"}],"wp:attachment":[{"href":"https:\/\/businessteps.pl\/index.php?rest_route=%2Fwp%2Fv2%2Fmedia&parent=332"}],"wp:term":[{"taxonomy":"product_brand","embeddable":true,"href":"https:\/\/businessteps.pl\/index.php?rest_route=%2Fwp%2Fv2%2Fproduct_brand&post=332"},{"taxonomy":"product_cat","embeddable":true,"href":"https:\/\/businessteps.pl\/index.php?rest_route=%2Fwp%2Fv2%2Fproduct_cat&post=332"},{"taxonomy":"product_tag","embeddable":true,"href":"https:\/\/businessteps.pl\/index.php?rest_route=%2Fwp%2Fv2%2Fproduct_tag&post=332"}],"curies":[{"name":"wp","href":"https:\/\/api.w.org\/{rel}","templated":true}]}}