{"id":354,"date":"2021-11-26T18:15:27","date_gmt":"2021-11-26T17:15:27","guid":{"rendered":"http:\/\/businessteps.pl\/?post_type=product&#038;p=354"},"modified":"2023-09-06T11:55:58","modified_gmt":"2023-09-06T09:55:58","slug":"pakiet-najwazniejszych-umow-dla-szkoly-jezykowej-full","status":"publish","type":"product","link":"https:\/\/businessteps.pl\/?product=pakiet-najwazniejszych-umow-dla-szkoly-jezykowej-full","title":{"rendered":"Pakiet najwa\u017cniejszych um\u00f3w dla szko\u0142y j\u0119zykowej &#8211; FULL"},"content":{"rendered":"<p>Po zakupie\u00a0<strong>otrzymasz mailem dost\u0119p do plik\u00f3w w formacie word<\/strong>,\u00a0otwartych do edycji, z wyra\u017anie zaznaczonymi miejscami do wype\u0142nienia przez Ciebie (dane firmy,\u00a0 stawki, nr rachunku bankowego itp.)<\/p>\n<p>Pliki nale\u017cy zapisa\u0107 na swoim dysku, klikaj\u0105c prawym przyciskiem myszy i wybieraj\u0105c z menu opcj\u0119: &#8222;zapisz link jako&#8221;.<\/p>\n<h4>Przeczytaj uwa\u017cnie tre\u015b\u0107\u00a0 um\u00f3w i dostosuj dane firmy i szczeg\u00f3\u0142y do swoich potrzeb!<\/h4>\n","protected":false},"excerpt":{"rendered":"<h4>Potrzebujesz porz\u0105dnych um\u00f3w z klientami lub firmami, gdzie prowadzisz szkolenia?<\/h4>\n<h4>Takich, kt\u00f3re dbaj\u0105c o zgodno\u015b\u0107 z prawem zabezpiecz\u0105 Twoje interesy?<\/h4>\n<p><strong>Zaczynasz zatrudnia\u0107 pracownik\u00f3w i potrzebne Ci dobre umowy zlecenie, albo o wsp\u00f3\u0142prace BTB (dla pracownik\u00f3w z w\u0142asn\u0105 dzia\u0142alno\u015bci\u0105 gospodarcz\u0105), kt\u00f3re zawieraj\u0105 wszystkie niezb\u0119dne zapisy chroni\u0105ce dobro Twojej firmy?<\/strong><\/p>\n<p>A mo\u017ce potrzebujesz dobrej umowy najmu lokalu na potrzeby swojej dzia\u0142alno\u015bci?<\/p>\n<h4>Mam\u00a0dla Ciebie doskona\u0142e rozwi\u0105zanie :<\/h4>\n<p><strong>PAKIET FULL &#8211; NIEZB\u0118DNE UMOWY dla szko\u0142y j\u0119zykowej\u00a0<\/strong><\/p>\n<p><strong><img loading=\"lazy\" decoding=\"async\" class=\"wp-image-15 alignleft\" src=\"http:\/\/businessteps.pl\/wp-content\/uploads\/2021\/05\/cropped-IMG_1056-scaled-1-200x300.jpg\" alt=\"\" width=\"241\" height=\"362\" srcset=\"https:\/\/businessteps.pl\/wp-content\/uploads\/2021\/05\/cropped-IMG_1056-scaled-1-200x300.jpg 200w, https:\/\/businessteps.pl\/wp-content\/uploads\/2021\/05\/cropped-IMG_1056-scaled-1-683x1024.jpg 683w, https:\/\/businessteps.pl\/wp-content\/uploads\/2021\/05\/cropped-IMG_1056-scaled-1-768x1152.jpg 768w, https:\/\/businessteps.pl\/wp-content\/uploads\/2021\/05\/cropped-IMG_1056-scaled-1-1024x1536.jpg 1024w, https:\/\/businessteps.pl\/wp-content\/uploads\/2021\/05\/cropped-IMG_1056-scaled-1-1366x2048.jpg 1366w, https:\/\/businessteps.pl\/wp-content\/uploads\/2021\/05\/cropped-IMG_1056-scaled-1-416x624.jpg 416w, https:\/\/businessteps.pl\/wp-content\/uploads\/2021\/05\/cropped-IMG_1056-scaled-1.jpg 1707w\" sizes=\"auto, (max-width: 241px) 100vw, 241px\" \/><\/strong><\/p>\n<blockquote>\n<p style=\"text-align: left;\"><span style=\"font-style: italic;\">Co zawiera ten pakiet?<\/span><\/p>\n<\/blockquote>\n<p style=\"text-align: left;\">W wersji FULL otrzymasz\u00a0 wzory najcz\u0119\u015bciej wykorzystywanych w szkole j\u0119zykowej um\u00f3w: umowa zlecenie z pracownkiem, umowa o wsp\u00f3\u0142prac\u0119 BTB i umowa na kurs grupowy i indywidualny z klientem, a tak\u017ce umowa na prowadzenie szkole\u0144 j\u0119zykowych w firmie. Znajd\u0105 si\u0119 tak\u017ce dwa wzory um\u00f3w najmu.<\/p>\n<blockquote><p>&nbsp;<\/p><\/blockquote>\n<p>&nbsp;<\/p>\n<ul>\n<li>\n<h4><strong>UMOWA ZLECENIE<\/strong><\/h4>\n<\/li>\n<\/ul>\n<p><strong> kt\u00f3ra zabezpieczy Ci\u0119 przed niesumiennym pracownkiem, nieuczciw\u0105 konkurencj\u0105 i \u201epodbieraniem\u201d klient\u00f3w!<\/strong><\/p>\n<p>W\u0142a\u015bnie taka jest<strong> Umowa zlecenie z prowadz\u0105cym zaj\u0119cia <\/strong>\u2013 oparta na wieloletnim do\u015bwiadczeniu w bran\u017cy edukacyjnej, napisana przez prawnika, dopasowana do obecnych reali\u00f3w i zgodna z obowi\u0105zuj\u0105cym prawem.<\/p>\n<p><strong>UMOWA ZLECENIE zawiera m. in. nast\u0119puj\u0105ce WA\u017bNE i chroni\u0105ce Tw\u00f3j interes zapisy:<\/strong><\/p>\n<ul>\n<li>o zakazie konkurencji<\/li>\n<li>o klauzuli poufno\u015bci<\/li>\n<li>o obowi\u0105zkach zleceniobiorcy<\/li>\n<li>o warunkach informowania o nieobecno\u015bci w pracy<\/li>\n<li>o konsekwencjach finansowych nieprzestrzegania zapis\u00f3w umowy<\/li>\n<li>o warunkach wsp\u00f3\u0142pracy<\/li>\n<\/ul>\n<p>Zawieraj\u0105 tak\u017ce wszystkie niezb\u0119dne paragrafy, opisuj\u0105ce warunki wzajemnej wsp\u00f3\u0142pracy. <strong>Umowa jest aktualna i zgodna z obowi\u0105zuj\u0105cym w 2021 r. prawem.<\/strong><\/p>\n<p>&nbsp;<\/p>\n<ul>\n<li>\n<h4><strong>UMOWA O WSP\u00d3\u0141PRAC\u0118 BTB<\/strong><\/h4>\n<\/li>\n<\/ul>\n<p>Niezb\u0119dna, je\u015bli wsp\u00f3\u0142pracujesz z osob\u0105, kt\u00f3ra prowadzi w\u0142asn\u0105 dzia\u0142alno\u015b\u0107 gospodarcz\u0105 i wystawia Ci po prostu faktury za wykonan\u0105 us\u0142ug\u0119.<\/p>\n<p><strong>Umowa zawiera m. in. nast\u0119puj\u0105ce WA\u017bNE i chroni\u0105ce Tw\u00f3j interes zapisy:<\/strong><\/p>\n<ul>\n<li>o zakazie konkurencji<\/li>\n<li>o klauzuli poufno\u015bci<\/li>\n<li>o obowi\u0105zkach zleceniobiorcy<\/li>\n<li>o warunkach informowania o nieobecno\u015bci w pracy<\/li>\n<li>o konsekwencjach finansowych nieprzestrzegania zapis\u00f3w umowy<\/li>\n<li>o warunkach wsp\u00f3\u0142pracy<\/li>\n<\/ul>\n<p>&nbsp;<\/p>\n<ul>\n<li>\n<h4><strong>UMOWA GRUPOWA NA KURS J\u0118ZYKOWY<\/strong><\/h4>\n<\/li>\n<\/ul>\n<p>zabezpieczy Twoje interesy w tych niepewnych czasach!<\/p>\n<p><strong>Jest skrojona specjalnie na potrzeby kursu j\u0119zykowego <\/strong>\u00a0\u2013 oparta na wieloletnim do\u015bwiadczeniu w bran\u017cy edukacyjnej, napisana przez prawnika, dopasowana do obecnych reali\u00f3w i w pe\u0142ni zgodna z prawem konsumenckim.<\/p>\n<p><strong>UMOWA GRUPOWA NA KURS J\u0118ZYKOWY zawiera m. in. nast\u0119puj\u0105ce WA\u017bNE i chroni\u0105ce Tw\u00f3j interes zapisy:<\/strong><\/p>\n<ul>\n<li>o minimalnej liczbie kursant\u00f3w \u2013 mo\u017cesz okre\u015bli\u0107 w\u0142asn\u0105 liczb\u0119 kursant\u00f3w, od kt\u00f3rej rusza kurs<\/li>\n<li>o zmianie lektora w trakcie kursu<\/li>\n<li>o wyst\u0105pieniu si\u0142y wy\u017cszej (np. pandemia) i przej\u015bciu w tryb online<\/li>\n<li>o zakresie odpowiedzialno\u015bci za bezpiecze\u0144stwo kursanta<\/li>\n<li>o sposobie wypowiedzenia umowy przez klienta<\/li>\n<li>o warunkach rozlicze\u0144 w przypadku wcze\u015bniejszego wypowiedzenia umowy<\/li>\n<\/ul>\n<p>Zawiera tak\u017ce wszystkie niezb\u0119dne paragrafy, opisuj\u0105ce warunki \u015bwiadczenia us\u0142ug przez Ciebie.\u00a0<strong>Umowa jest aktualna i zgodna z obowi\u0105zuj\u0105cym w 2022 r. prawem.<\/strong><\/p>\n<p>&nbsp;<\/p>\n<ul>\n<li>\n<h4><strong>UMOWA INDYWIDUALNA NA KURS J\u0118ZYKOWY<\/strong><\/h4>\n<\/li>\n<\/ul>\n<p>zabezpieczy Twoje interesy dok\u0142adnie tak, jak umowa grupowa!<\/p>\n<p><strong>Jest skrojona specjalnie na potrzeby zaj\u0119\u0107 indywi<\/strong><strong>dualnych\u00a0 (a wiadomo, \u017ce rz\u0105dz\u0105 si\u0119 one innymi prawami ni\u017c kursy grupowe) <\/strong>\u2013 oparta na wieloletnim do\u015bwiadczeniu w bran\u017cy edukacyjnej, napisana przez prawnika, dopasowana do obecnych reali\u00f3w i w pe\u0142ni zgodna z prawem konsumenckim.<\/p>\n<p><strong>UMOWA INDYWIDUALNA NA KURS J\u0118ZYKOWY <\/strong><strong>zawiera m. in. nast\u0119puj\u0105ce WA\u017bNE i chroni\u0105ce Tw\u00f3j interes zapisy:<\/strong><\/p>\n<ul>\n<li>o warunkach odwo\u0142ywania i realizacji zaj\u0119\u0107<\/li>\n<li>o zmianie lektora w trakcie kursu<\/li>\n<li>o wyst\u0105pieniu si\u0142y wy\u017cszej (np. pandemia) i przej\u015bciu w tryb online<\/li>\n<li>o zakresie odpowiedzialno\u015bci za bezpiecze\u0144stwo kursanta<\/li>\n<li>o sposobie wypowiedzenia umowy przez klienta<\/li>\n<li>o warunkach rozlicze\u0144 w przypadku wcze\u015bniejszego wypowiedzenia umowy<\/li>\n<\/ul>\n<p>Zawiera tak\u017ce wszystkie niezb\u0119dne paragrafy, opisuj\u0105ce warunki \u015bwiadczenia us\u0142ug przez Ciebie.\u00a0<strong>Umowa jest aktualna i zgodna z obowi\u0105zuj\u0105cym w 2021 r. prawem.<\/strong><\/p>\n<p>&nbsp;<\/p>\n<ul>\n<li>\n<h4><strong>UMOWA Z FIRM\u0104 NA SZKOLENIA J\u0118ZYKOWE<\/strong><\/h4>\n<\/li>\n<\/ul>\n<p>Je\u015bli masz zamiar prowadzi\u0107 szkolenie w firmie zamawiaj\u0105cej kurs j\u0119zykowy dla swoich pracownik\u00f3w, <strong>wa\u017cne, aby przed rozpocz\u0119ciem wsp\u00f3\u0142pracy podpisa\u0107 ze Zleceniodawc\u0105 odpowiednio sformu\u0142owan\u0105 umow\u0119<\/strong> precyzuj\u0105c\u0105 wzajemne zobowi\u0105zania!<\/p>\n<p><strong>Umowa zawiera m. in. nast\u0119puj\u0105ce WA\u017bNE i chroni\u0105ce Tw\u00f3j interes zapisy:<\/strong><\/p>\n<ul>\n<li>zasady \u015bwiadczenia us\u0142ug<\/li>\n<li>procedur\u0119 odwo\u0142ywania zaj\u0119\u0107<\/li>\n<li>zasady zmiany lektor\u00f3w \u015bwiadcz\u0105cych us\u0142ugi i zast\u0119pstw<\/li>\n<li>klauzul\u0119 poufno\u015bci i zakaz zatrudniania lektora bezpo\u015brednio<\/li>\n<li>zasady wyp\u0142aty wynagrodzenia<\/li>\n<\/ul>\n<p>&nbsp;<\/p>\n<ul>\n<li>\n<h4><strong>UMOWA NAJMU &#8211; DWA WZORY<\/strong><\/h4>\n<\/li>\n<li>zawieraj\u0105 niezb\u0119dne paragrafy dla tego typu umowy<\/li>\n<li>wz\u00f3r 1 jest bardziej z\u0142o\u017cony, wz\u00f3r 2 jest prostszy<\/li>\n<\/ul>\n<h3>Zakup pakiet um\u00f3w niezb\u0119dnych w szkole j\u0119zykowej i ciesz si\u0119 spokojem, jaki Ci da zabezpieczenie Twoich interes\u00f3w!<\/h3>\n<p>&nbsp;<\/p>\n<p>&nbsp;<\/p>\n<p>&nbsp;<\/p>\n","protected":false},"featured_media":355,"template":"","meta":[],"product_brand":[],"product_cat":[38,19],"product_tag":[18,33,17,58,76,77,59,55,60,32,31,30],"class_list":{"0":"post-354","1":"product","2":"type-product","3":"status-publish","4":"has-post-thumbnail","6":"product_cat-biznes","7":"product_cat-dokumentacja-szkoly-jezykowej","8":"product_tag-dokumentacja","9":"product_tag-dokumentacja-szkoly-jezykowej","10":"product_tag-umowa","11":"product_tag-umowa-na-kurs-firmowy","12":"product_tag-umowa-najmu","13":"product_tag-umowa-najmu-lokalu","14":"product_tag-umowa-o-wspolprace-btb","15":"product_tag-umowa-z-firma","16":"product_tag-umowa-z-firma-na-szkolenia","17":"product_tag-umowa-z-lektorem","18":"product_tag-umowa-z-pracownikiem","19":"product_tag-umowa-zlecenie","21":"first","22":"instock","23":"downloadable","24":"virtual","25":"purchasable","26":"product-type-simple"},"jetpack_sharing_enabled":true,"_links":{"self":[{"href":"https:\/\/businessteps.pl\/index.php?rest_route=\/wp\/v2\/product\/354","targetHints":{"allow":["GET"]}}],"collection":[{"href":"https:\/\/businessteps.pl\/index.php?rest_route=\/wp\/v2\/product"}],"about":[{"href":"https:\/\/businessteps.pl\/index.php?rest_route=\/wp\/v2\/types\/product"}],"wp:featuredmedia":[{"embeddable":true,"href":"https:\/\/businessteps.pl\/index.php?rest_route=\/wp\/v2\/media\/355"}],"wp:attachment":[{"href":"https:\/\/businessteps.pl\/index.php?rest_route=%2Fwp%2Fv2%2Fmedia&parent=354"}],"wp:term":[{"taxonomy":"product_brand","embeddable":true,"href":"https:\/\/businessteps.pl\/index.php?rest_route=%2Fwp%2Fv2%2Fproduct_brand&post=354"},{"taxonomy":"product_cat","embeddable":true,"href":"https:\/\/businessteps.pl\/index.php?rest_route=%2Fwp%2Fv2%2Fproduct_cat&post=354"},{"taxonomy":"product_tag","embeddable":true,"href":"https:\/\/businessteps.pl\/index.php?rest_route=%2Fwp%2Fv2%2Fproduct_tag&post=354"}],"curies":[{"name":"wp","href":"https:\/\/api.w.org\/{rel}","templated":true}]}}