{"id":362,"date":"2021-11-29T10:45:02","date_gmt":"2021-11-29T09:45:02","guid":{"rendered":"http:\/\/businessteps.pl\/?post_type=product&#038;p=362"},"modified":"2021-12-07T18:25:44","modified_gmt":"2021-12-07T17:25:44","slug":"zgody-rodo-dla-klienta","status":"publish","type":"product","link":"https:\/\/businessteps.pl\/?product=zgody-rodo-dla-klienta","title":{"rendered":"Zgody RODO dla klienta"},"content":{"rendered":"<p>Po zakupie\u00a0<strong>otrzymasz mailem dost\u0119p do plik\u00f3w w formacie word<\/strong>, otwartych do edycji, z wyra\u017anie zaznaczonymi miejscami do wype\u0142nienia przez Ciebie (dane firmy itp.)<\/p>\n<p>Pliki nale\u017cy zapisa\u0107 na swoim dysku, klikaj\u0105c prawym przyciskiem myszy i wybieraj\u0105c z menu opcj\u0119: \u201ezapisz link jako\u201d.<\/p>\n<h4>Przeczytaj uwa\u017cnie tre\u015b\u0107\u00a0 um\u00f3w i dostosuj dane firmy i szczeg\u00f3\u0142y do swoich potrzeb!<\/h4>\n","protected":false},"excerpt":{"rendered":"<p>Pami\u0119taj, \u017ce z ka\u017cdym klientem musisz podpisa\u0107 tzw. zgod\u0119 RODO, aby m\u00f3c przetwarza\u0107 jego dane osobowe zgodnie z prawem.<\/p>\n<p>Zgoda taka jest za\u0142\u0105cznikiem do Polityki Bezpiecze\u0144stwa w firmie i jest tak\u017ce niezb\u0119dnym za\u0142\u0105cznikiem do ka\u017cdej umowy.<\/p>\n<p>Pami\u0119taj, \u017ce je\u015bli zbierasz kontakty podczas event\u00f3w, wydarze\u0144 reklamuj\u0105cych Twoje us\u0142ugi (np. festyn\u00f3w, imprez itp.) to zanim umie\u015bcisz dane potencjalnego klienta w rejestrach firmy, musisz mie\u0107 na to zgod\u0119.<\/p>\n<h3><strong>Co otrzymujesz w ramach zakupu tego produktu?<\/strong><\/h3>\n<h4>Napisane przez prawnika i zgodne z przepisami dwa pliki:<\/h4>\n<ul>\n<li>wzory zg\u00f3d dla ucznia niepe\u0142noletniego (kt\u00f3re podpisuje opiekun)<\/li>\n<li>wzory zg\u00f3d dla ucznia pe\u0142noletniego<\/li>\n<\/ul>\n<p>Zawieraj\u0105 istotne punkty, dotycz\u0105ce tego w jaki spos\u00f3b mo\u017cesz wykorzystywa\u0107 dane i wizerunkek (np. marketingowo), a tak\u017ce komu mo\u017cesz te dane udost\u0119pnia\u0107 (np. ksi\u0119gowo\u015bci, informatykowi, wsp\u00f3\u0142pracownikom itp.)<\/p>\n<p>&nbsp;<\/p>\n","protected":false},"featured_media":363,"template":"","meta":[],"product_brand":[],"product_cat":[19],"product_tag":[68,66,61,65,62,64,67,63],"class_list":{"0":"post-362","1":"product","2":"type-product","3":"status-publish","4":"has-post-thumbnail","6":"product_cat-dokumentacja-szkoly-jezykowej","7":"product_tag-dla-klienta","8":"product_tag-przetwarzanie-danych-osobowych","9":"product_tag-rodo","10":"product_tag-zgoda-na-przetwarzanie-danych-osobowych","11":"product_tag-zgoda-rodo","12":"product_tag-zgody-klienta","13":"product_tag-zgody-marketingowe","14":"product_tag-zgody-rodo","16":"first","17":"instock","18":"downloadable","19":"virtual","20":"purchasable","21":"product-type-simple"},"jetpack_sharing_enabled":true,"_links":{"self":[{"href":"https:\/\/businessteps.pl\/index.php?rest_route=\/wp\/v2\/product\/362","targetHints":{"allow":["GET"]}}],"collection":[{"href":"https:\/\/businessteps.pl\/index.php?rest_route=\/wp\/v2\/product"}],"about":[{"href":"https:\/\/businessteps.pl\/index.php?rest_route=\/wp\/v2\/types\/product"}],"wp:featuredmedia":[{"embeddable":true,"href":"https:\/\/businessteps.pl\/index.php?rest_route=\/wp\/v2\/media\/363"}],"wp:attachment":[{"href":"https:\/\/businessteps.pl\/index.php?rest_route=%2Fwp%2Fv2%2Fmedia&parent=362"}],"wp:term":[{"taxonomy":"product_brand","embeddable":true,"href":"https:\/\/businessteps.pl\/index.php?rest_route=%2Fwp%2Fv2%2Fproduct_brand&post=362"},{"taxonomy":"product_cat","embeddable":true,"href":"https:\/\/businessteps.pl\/index.php?rest_route=%2Fwp%2Fv2%2Fproduct_cat&post=362"},{"taxonomy":"product_tag","embeddable":true,"href":"https:\/\/businessteps.pl\/index.php?rest_route=%2Fwp%2Fv2%2Fproduct_tag&post=362"}],"curies":[{"name":"wp","href":"https:\/\/api.w.org\/{rel}","templated":true}]}}