{"id":38,"date":"2021-08-31T19:55:27","date_gmt":"2021-08-31T17:55:27","guid":{"rendered":"http:\/\/businessteps.pl\/?post_type=product&#038;p=38"},"modified":"2023-09-06T11:58:20","modified_gmt":"2023-09-06T09:58:20","slug":"umowa-indywidualna-na-kurs-jezykowy","status":"publish","type":"product","link":"https:\/\/businessteps.pl\/?product=umowa-indywidualna-na-kurs-jezykowy","title":{"rendered":"Umowa indywidualna na kurs j\u0119zykowy"},"content":{"rendered":"<p><strong>Umowa zawiera m. in. nast\u0119puj\u0105ce WA\u017bNE i chroni\u0105ce Tw\u00f3j interes zapisy:<\/strong><\/p>\n<ul>\n<li>o warunkach odwo\u0142ywania i realizacji zaj\u0119\u0107<\/li>\n<li>o zmianie lektora w trakcie kursu<\/li>\n<li>o wyst\u0105pieniu si\u0142y wy\u017cszej (np. pandemia) i przej\u015bciu w tryb online<\/li>\n<li>o zakresie odpowiedzialno\u015bci za bezpiecze\u0144stwo kursanta<\/li>\n<li>o sposobie wypowiedzenia umowy przez klienta<\/li>\n<li>o warunkach rozlicze\u0144 w przypadku wcze\u015bniejszego wypowiedzenia umowy<\/li>\n<\/ul>\n<p>Zawiera tak\u017ce wszystkie niezb\u0119dne paragrafy, opisuj\u0105ce warunki \u015bwiadczenia us\u0142ug przez Ciebie. <strong>Umowa jest aktualna i zgodna z obowi\u0105zuj\u0105cym w 2021 r. prawem.<\/strong><\/p>\n<p>Po zakupie <strong>otrzymasz plik w formacie word<\/strong>, otwarty do edycji, z wyra\u017anie zaznaczonymi miejscami do wype\u0142nienia przez Ciebie (dane firmy, kurs\u00f3w, nr rachunku bankowego itp.)<\/p>\n<p>Przeczytaj uwa\u017cnie tre\u015b\u0107\u00a0 umowy i dostosuj dane firmy i szczeg\u00f3\u0142y do swoich potrzeb!<\/p>\n<p>&nbsp;<\/p>\n","protected":false},"excerpt":{"rendered":"<p>Chcesz zabezpieczy\u0107 swoje interesy w tych niepewnych czasach?<\/p>\n<p><strong>Potrzebujesz dobrej umowy, skrojonej specjalnie na potrzeby kursu j\u0119zykowego!<\/strong><\/p>\n<p>W\u0142a\u015bnie taka jest<strong> Umowa indywidualna na kurs j\u0119zykowy<\/strong> &#8211; oparta na wieloletnim do\u015bwiadczeniu w bran\u017cy edukacyjnej, napisana przez prawnika, dopasowana do obecnych reali\u00f3w i w pe\u0142ni zgodna z prawem konsumenckim.<\/p>\n<p>Przeczytaj w opisie,\u00a0 jakie istotne kwestie obejmuj\u0105 poszczeg\u00f3lne paragrafy umowy.<\/p>\n<p>&nbsp;<\/p>\n<p>&nbsp;<\/p>\n<p>&nbsp;<\/p>\n<p>&nbsp;<\/p>\n","protected":false},"featured_media":34,"template":"","meta":[],"product_brand":[],"product_cat":[19],"product_tag":[18,17,34,35],"class_list":{"0":"post-38","1":"product","2":"type-product","3":"status-publish","4":"has-post-thumbnail","6":"product_cat-dokumentacja-szkoly-jezykowej","7":"product_tag-dokumentacja","8":"product_tag-umowa","9":"product_tag-umowa-indywidualna","10":"product_tag-umowa-z-kursantem","12":"first","13":"instock","14":"downloadable","15":"virtual","16":"purchasable","17":"product-type-simple"},"jetpack_sharing_enabled":true,"_links":{"self":[{"href":"https:\/\/businessteps.pl\/index.php?rest_route=\/wp\/v2\/product\/38","targetHints":{"allow":["GET"]}}],"collection":[{"href":"https:\/\/businessteps.pl\/index.php?rest_route=\/wp\/v2\/product"}],"about":[{"href":"https:\/\/businessteps.pl\/index.php?rest_route=\/wp\/v2\/types\/product"}],"wp:featuredmedia":[{"embeddable":true,"href":"https:\/\/businessteps.pl\/index.php?rest_route=\/wp\/v2\/media\/34"}],"wp:attachment":[{"href":"https:\/\/businessteps.pl\/index.php?rest_route=%2Fwp%2Fv2%2Fmedia&parent=38"}],"wp:term":[{"taxonomy":"product_brand","embeddable":true,"href":"https:\/\/businessteps.pl\/index.php?rest_route=%2Fwp%2Fv2%2Fproduct_brand&post=38"},{"taxonomy":"product_cat","embeddable":true,"href":"https:\/\/businessteps.pl\/index.php?rest_route=%2Fwp%2Fv2%2Fproduct_cat&post=38"},{"taxonomy":"product_tag","embeddable":true,"href":"https:\/\/businessteps.pl\/index.php?rest_route=%2Fwp%2Fv2%2Fproduct_tag&post=38"}],"curies":[{"name":"wp","href":"https:\/\/api.w.org\/{rel}","templated":true}]}}