{"id":417,"date":"2022-06-15T12:36:43","date_gmt":"2022-06-15T10:36:43","guid":{"rendered":"https:\/\/businessteps.pl\/?post_type=product&#038;p=417"},"modified":"2022-06-15T15:14:42","modified_gmt":"2022-06-15T13:14:42","slug":"umowa-najmu-lokalu-dwa-gotowe-wzory","status":"publish","type":"product","link":"https:\/\/businessteps.pl\/?product=umowa-najmu-lokalu-dwa-gotowe-wzory","title":{"rendered":"Umowa najmu lokalu &#8211; dwa gotowe wzory"},"content":{"rendered":"<p><strong>Umowy zawieraj\u0105 najwa\u017cniejsze zapisy wymagane w umowach najmu.<\/strong><\/p>\n<p>Po zakupie\u00a0<strong>otrzymasz plik w formacie word<\/strong>, otwarty do edycji, z wyra\u017anie zaznaczonymi miejscami do wype\u0142nienia przez Ciebie (dane firmy,\u00a0 stawki, nr rachunku bankowego itp.)<\/p>\n<p>Przeczytaj uwa\u017cnie tre\u015b\u0107\u00a0 umowy i dostosuj dane firmy i szczeg\u00f3\u0142y do swoich potrzeb!<\/p>\n","protected":false},"excerpt":{"rendered":"<p><strong>Pora na wynaj\u0119cie lokalu na Twoj\u0105 dzia\u0142alno\u015b\u0107<\/strong>,\u00a0 ale nie masz do\u015bwiadczenia w takich transakcjach i nie bardzo wiesz, jakie paragrafy powinna zawiera\u0107 taka umowa?<\/p>\n<p><strong>Mam dla Ciebie rozwi\u0105zanie!<\/strong> Nie musisz si\u0119 ju\u017c o to martwi\u0107 i przeszukiwa\u0107 Internetu, pr\u00f3buj\u0105c dopasowa\u0107 umow\u0119 do swoich potrzeb.<\/p>\n<p>Masz ten problem z g\u0142owy \ud83d\ude42<\/p>\n<h4>Oto dwa, gotowe do zastosowania wzory um\u00f3w najmu!<\/h4>\n<p>Oba wykorzystywane na potrzeby najmu lokali na prowadzenie dzia\u0142alno\u015bci edukacyjnej.<\/p>\n<p>Wz\u00f3r 1 jest bardziej z\u0142o\u017cony, wz\u00f3r 2 jest prostszy.<\/p>\n<p>Przeanalizuj oba i dopasuj do swoich potrzeb &#8211; wpisz odpowiednie dane dotycz\u0105ce najemcy i wynajmuj\u0105cego, a tak\u017ce wynajmowanej nieruchomo\u015bci.<\/p>\n<p>&nbsp;<\/p>\n<p>&nbsp;<\/p>\n<p>&nbsp;<\/p>\n","protected":false},"featured_media":420,"template":"","meta":[],"product_brand":[],"product_cat":[38,19],"product_tag":[46,18,33,17,79,76,77,78],"class_list":{"0":"post-417","1":"product","2":"type-product","3":"status-publish","4":"has-post-thumbnail","6":"product_cat-biznes","7":"product_cat-dokumentacja-szkoly-jezykowej","8":"product_tag-btb","9":"product_tag-dokumentacja","10":"product_tag-dokumentacja-szkoly-jezykowej","11":"product_tag-umowa","12":"product_tag-umowa-dzierzawy","13":"product_tag-umowa-najmu","14":"product_tag-umowa-najmu-lokalu","15":"product_tag-wynajem-lokalu","17":"first","18":"instock","19":"downloadable","20":"virtual","21":"purchasable","22":"product-type-simple"},"jetpack_sharing_enabled":true,"_links":{"self":[{"href":"https:\/\/businessteps.pl\/index.php?rest_route=\/wp\/v2\/product\/417","targetHints":{"allow":["GET"]}}],"collection":[{"href":"https:\/\/businessteps.pl\/index.php?rest_route=\/wp\/v2\/product"}],"about":[{"href":"https:\/\/businessteps.pl\/index.php?rest_route=\/wp\/v2\/types\/product"}],"wp:featuredmedia":[{"embeddable":true,"href":"https:\/\/businessteps.pl\/index.php?rest_route=\/wp\/v2\/media\/420"}],"wp:attachment":[{"href":"https:\/\/businessteps.pl\/index.php?rest_route=%2Fwp%2Fv2%2Fmedia&parent=417"}],"wp:term":[{"taxonomy":"product_brand","embeddable":true,"href":"https:\/\/businessteps.pl\/index.php?rest_route=%2Fwp%2Fv2%2Fproduct_brand&post=417"},{"taxonomy":"product_cat","embeddable":true,"href":"https:\/\/businessteps.pl\/index.php?rest_route=%2Fwp%2Fv2%2Fproduct_cat&post=417"},{"taxonomy":"product_tag","embeddable":true,"href":"https:\/\/businessteps.pl\/index.php?rest_route=%2Fwp%2Fv2%2Fproduct_tag&post=417"}],"curies":[{"name":"wp","href":"https:\/\/api.w.org\/{rel}","templated":true}]}}