{"id":467,"date":"2023-05-11T09:18:08","date_gmt":"2023-05-11T07:18:08","guid":{"rendered":"https:\/\/businessteps.pl\/?post_type=product&#038;p=467"},"modified":"2024-02-06T14:18:46","modified_gmt":"2024-02-06T13:18:46","slug":"czary-mary-i-strachy-na-lachy-program-polkolonii-dla-dzieci-5-10-lat","status":"publish","type":"product","link":"https:\/\/businessteps.pl\/?product=czary-mary-i-strachy-na-lachy-program-polkolonii-dla-dzieci-5-10-lat","title":{"rendered":"Czary mary i strachy na lachy-program p\u00f3\u0142kolonii dla dzieci 5-10 lat"},"content":{"rendered":"<h3 class=\"x1e56ztr\"><span class=\"x193iq5w xeuugli x13faqbe x1vvkbs x1xmvt09 x6prxxf xvq8zen xo1l8bm xzsf02u\">\u00a0Jak konkretnie przedstawia si\u0119 5-dniowy plan programu <\/span><\/h3>\n<h3 class=\"x1e56ztr\"><span class=\"x193iq5w xeuugli x13faqbe x1vvkbs x1xmvt09 x6prxxf xvq8zen xo1l8bm xzsf02u\"><span style=\"color: #800080;\"><span style=\"font-weight: 400;\">Czary-mary i strachy na lachy &#8211;<\/span> <span style=\"font-weight: 400;\">czyli z wizyt\u0105 u Wednesday<\/span><\/span>?<\/span><\/h3>\n<div>\n<h4><span style=\"color: #800080;\"><b>Dzie\u0144 1\u00a0<\/b><\/span><span style=\"font-weight: 400;\"><span style=\"color: #800080;\">W posiad\u0142o\u015bci rodziny A.\u00a0\u00a0<\/span> <img loading=\"lazy\" decoding=\"async\" class=\"alignright wp-image-468 size-thumbnail\" src=\"http:\/\/businessteps.pl\/wp-content\/uploads\/2023\/05\/294618899_5520378428013427_6936007293125613315_n-150x150.jpg\" alt=\"\" width=\"150\" height=\"150\" srcset=\"https:\/\/businessteps.pl\/wp-content\/uploads\/2023\/05\/294618899_5520378428013427_6936007293125613315_n-150x150.jpg 150w, https:\/\/businessteps.pl\/wp-content\/uploads\/2023\/05\/294618899_5520378428013427_6936007293125613315_n-324x324.jpg 324w, https:\/\/businessteps.pl\/wp-content\/uploads\/2023\/05\/294618899_5520378428013427_6936007293125613315_n-100x100.jpg 100w\" sizes=\"auto, (max-width: 150px) 100vw, 150px\" \/><\/span><\/h4>\n<p><b>Projekty:<\/b><\/p>\n<ul>\n<li style=\"font-weight: 400;\" aria-level=\"1\"><span style=\"font-weight: 400;\">magiczne szaty<\/span><\/li>\n<li style=\"font-weight: 400;\" aria-level=\"1\"><span style=\"font-weight: 400;\">czarodziejska r\u00f3\u017cd\u017cka<\/span><\/li>\n<li style=\"font-weight: 400;\" aria-level=\"1\"><span style=\"font-weight: 400;\">maski strach\u00f3w<\/span><\/li>\n<\/ul>\n<p><b>Zabawy tematyczne:<\/b><\/p>\n<ul>\n<li style=\"list-style-type: none;\">\n<ul>\n<li style=\"font-weight: 400;\" aria-level=\"1\"><span style=\"font-weight: 400;\">koszmarne przek\u0105ski (lizaki-paj\u0105ki)<\/span><\/li>\n<li style=\"font-weight: 400;\" aria-level=\"1\"><span style=\"font-weight: 400;\">tajemne mikstury<\/span><\/li>\n<li style=\"font-weight: 400;\" aria-level=\"1\"><span style=\"font-weight: 400;\">upiorna uczta <\/span><\/li>\n<\/ul>\n<\/li>\n<\/ul>\n<h4><span style=\"color: #800080;\"><b>Dzie\u0144 2\u00a0<\/b><span style=\"font-weight: 400;\">A\u017c po plecach chodz\u0105 ciarki&#8230;<\/span><\/span><\/h4>\n<p><b>Projekty:<\/b><\/p>\n<ul>\n<li style=\"font-weight: 400;\" aria-level=\"1\"><span style=\"font-weight: 400;\">kapelusz czarownicy<\/span><\/li>\n<li style=\"font-weight: 400;\" aria-level=\"1\"><span style=\"font-weight: 400;\">magiczna kula<\/span><\/li>\n<li style=\"font-weight: 400;\" aria-level=\"1\"><span style=\"font-weight: 400;\">lata czy zamiata?<\/span><\/li>\n<\/ul>\n<p><b>Zabawy tematyczne:<\/b><\/p>\n<ul>\n<li style=\"font-weight: 400;\" aria-level=\"1\"><span style=\"font-weight: 400;\">warzymy eliksiry<\/span><\/li>\n<li style=\"font-weight: 400;\" aria-level=\"1\"><span style=\"font-weight: 400;\">raz-dwa-trzy-Baba Jaga patrzy!<\/span><\/li>\n<li style=\"font-weight: 400;\" aria-level=\"1\"><span style=\"font-weight: 400;\">wy\u015bcig na miot\u0142ach<\/span><\/li>\n<\/ul>\n<h4><span style=\"color: #008000;\"><span style=\"color: #800080;\"><b>Dzie\u0144 3\u00a0<\/b><\/span><span style=\"font-weight: 400;\"><span style=\"color: #800080;\">Wycieczka\/niespodzianka<\/span><img loading=\"lazy\" decoding=\"async\" class=\"alignright wp-image-469 size-thumbnail\" src=\"http:\/\/businessteps.pl\/wp-content\/uploads\/2023\/05\/293836209_5524617740922829_2251115871249884557_n-150x150.jpg\" alt=\"\" width=\"150\" height=\"150\" srcset=\"https:\/\/businessteps.pl\/wp-content\/uploads\/2023\/05\/293836209_5524617740922829_2251115871249884557_n-150x150.jpg 150w, https:\/\/businessteps.pl\/wp-content\/uploads\/2023\/05\/293836209_5524617740922829_2251115871249884557_n-324x324.jpg 324w, https:\/\/businessteps.pl\/wp-content\/uploads\/2023\/05\/293836209_5524617740922829_2251115871249884557_n-100x100.jpg 100w\" sizes=\"auto, (max-width: 150px) 100vw, 150px\" \/><\/span><\/span><\/h4>\n<p><span style=\"font-weight: 400;\">Hej, hej, przygodo!<\/span><\/p>\n<h4><span style=\"color: #800080;\"><b>Dzie\u0144 4 <\/b><span style=\"font-weight: 400;\">W zaczarowanym zamku<\/span><\/span><\/h4>\n<p><b>Projekty:<\/b><\/p>\n<ul>\n<li style=\"font-weight: 400;\" aria-level=\"1\"><span style=\"font-weight: 400;\">zakl\u0119te lusterko\u00a0<\/span><\/li>\n<li style=\"font-weight: 400;\" aria-level=\"1\"><span style=\"font-weight: 400;\">\u0142apacz koszmarnych sn\u00f3w<\/span><\/li>\n<li style=\"font-weight: 400;\" aria-level=\"1\"><span style=\"font-weight: 400;\">nietoperze, w\u0119\u017ce i jaszczurki<\/span><\/li>\n<\/ul>\n<p><b>Zabawy tematyczne:<\/b><\/p>\n<ul>\n<li style=\"font-weight: 400;\" aria-level=\"1\"><span style=\"font-weight: 400;\">kto si\u0119 odwa\u017cy? &#8211; zabawa sensoryczna<\/span><\/li>\n<li style=\"font-weight: 400;\" aria-level=\"1\"><span style=\"font-weight: 400;\">w starym zamczysku &#8211; wielka budowa<\/span><\/li>\n<li style=\"font-weight: 400;\" aria-level=\"1\"><span style=\"font-weight: 400;\">z\u0142ap ducha &#8211; zabawa w chowanego <\/span><\/li>\n<\/ul>\n<h4><span style=\"color: #800080;\"><b>Dzie\u0144 5 <\/b><\/span><span style=\"font-weight: 400;\"><span style=\"color: #800080;\">W krainie magii<\/span><img loading=\"lazy\" decoding=\"async\" class=\"alignright wp-image-470 size-thumbnail\" src=\"http:\/\/businessteps.pl\/wp-content\/uploads\/2023\/05\/293658227_5524617704256166_853057049967684784_n-150x150.jpg\" alt=\"\" width=\"150\" height=\"150\" srcset=\"https:\/\/businessteps.pl\/wp-content\/uploads\/2023\/05\/293658227_5524617704256166_853057049967684784_n-150x150.jpg 150w, https:\/\/businessteps.pl\/wp-content\/uploads\/2023\/05\/293658227_5524617704256166_853057049967684784_n-324x324.jpg 324w, https:\/\/businessteps.pl\/wp-content\/uploads\/2023\/05\/293658227_5524617704256166_853057049967684784_n-100x100.jpg 100w\" sizes=\"auto, (max-width: 150px) 100vw, 150px\" \/><\/span><\/h4>\n<p><b>Projekty:<\/b><\/p>\n<ul>\n<li style=\"font-weight: 400;\" aria-level=\"1\"><span style=\"font-weight: 400;\">amulety, talizmany<\/span><\/li>\n<li style=\"font-weight: 400;\" aria-level=\"1\"><span style=\"font-weight: 400;\">czapka-niewidka<\/span><\/li>\n<li style=\"font-weight: 400;\" aria-level=\"1\"><span style=\"font-weight: 400;\">pier\u015bcie\u0144 mocy<\/span><\/li>\n<\/ul>\n<p><b>Zabawy tematyczne:<\/b><\/p>\n<ul>\n<li style=\"font-weight: 400;\" aria-level=\"1\"><span style=\"font-weight: 400;\">czarodzieje i wr\u00f3\u017cki<\/span><\/li>\n<li style=\"font-weight: 400;\" aria-level=\"1\"><span style=\"font-weight: 400;\">magiczny berek\u00a0<\/span><\/li>\n<li style=\"font-weight: 400;\" aria-level=\"1\"><span style=\"font-weight: 400;\">eksperymentalne czary mary (suchy l\u00f3d itp.)<\/span><\/li>\n<\/ul>\n<hr \/>\n<\/div>\n<h4 class=\"x1e56ztr\">Jest to \u015bwietny program dla dzieci zafasynowanych krain\u0105 magii (mi\u0142o\u015bnik\u00f3w Harrego Pottera, Wednesday z rodziny Adams\u00f3w itp.), zawieraj\u0105cy du\u017co element\u00f3w zwi\u0105zanych z opowie\u015bciami o czarodziejach i wr\u00f3\u017ckach. Zawiera tak\u017ce propzycje tematycznych zabaw ruchowych i grupowaych. Cudownie rozwija dzieci\u0119c\u0105 wyobra\u017ani\u0119 i pozwala przenie\u015b\u0107 si\u0119 w \u015bwiat ba\u015bni.<\/h4>\n","protected":false},"excerpt":{"rendered":"<h4 class=\"x1heor9g x1qlqyl8 x1pd3egz x1a2a7pz xod5an3 x14vqqas\"><span class=\"x193iq5w xeuugli x13faqbe x1vvkbs x1xmvt09 x1603h9y x1u7k74 xo1l8bm xzsf02u\"><b>Pakiet tematyczny warsztat\u00f3w\/p\u00f3\u0142kolonii dla dzieci 5-10 lat.<\/b><\/span><\/h4>\n<div class=\"x1e56ztr\"><span class=\"x193iq5w xeuugli x13faqbe x1vvkbs x1xmvt09 x6prxxf xvq8zen xo1l8bm xzsf02u\"><b>Program tematyczny jest rozplanowany na 5 dni wedle dziennego planu ramowego. <img loading=\"lazy\" decoding=\"async\" class=\"size-thumbnail wp-image-465 alignleft\" src=\"http:\/\/businessteps.pl\/wp-content\/uploads\/2023\/05\/Lato-Marzen-150x150.png\" alt=\"\" width=\"150\" height=\"150\" srcset=\"https:\/\/businessteps.pl\/wp-content\/uploads\/2023\/05\/Lato-Marzen-150x150.png 150w, https:\/\/businessteps.pl\/wp-content\/uploads\/2023\/05\/Lato-Marzen-300x300.png 300w, https:\/\/businessteps.pl\/wp-content\/uploads\/2023\/05\/Lato-Marzen-324x324.png 324w, https:\/\/businessteps.pl\/wp-content\/uploads\/2023\/05\/Lato-Marzen-416x416.png 416w, https:\/\/businessteps.pl\/wp-content\/uploads\/2023\/05\/Lato-Marzen-100x100.png 100w, https:\/\/businessteps.pl\/wp-content\/uploads\/2023\/05\/Lato-Marzen.png 500w\" sizes=\"auto, (max-width: 150px) 100vw, 150px\" \/><\/b><\/span><\/div>\n<div><\/div>\n<h4 class=\"x1e56ztr\"><span class=\"x193iq5w xeuugli x13faqbe x1vvkbs x1xmvt09 x6prxxf xvq8zen xo1l8bm xzsf02u\"><b>Opracowane s\u0105 szczeg\u00f3\u0142owo cztery dni projektowe:<\/b><\/span><\/h4>\n<ul>\n<li class=\"x1e56ztr\"><span class=\"x193iq5w xeuugli x13faqbe x1vvkbs x1xmvt09 x6prxxf xvq8zen xo1l8bm xzsf02u\">ka\u017cdy dzie\u0144 to trzy projekty <\/span><\/li>\n<li class=\"x1e56ztr\"><span class=\"x193iq5w xeuugli x13faqbe x1vvkbs x1xmvt09 x6prxxf xvq8zen xo1l8bm xzsf02u\">i trzy zabawy tematyczne<\/span><\/li>\n<li>wraz z instrukcj\u0105 wykonania,<\/li>\n<li>oraz ze szczeg\u00f3\u0142ow\u0105 list\u0105 niezb\u0119dnych materia\u0142\u00f3w i pomocy,<\/li>\n<li>a tak\u017ce zdj\u0119ciami pogl\u0105dowymi ilustruj\u0105cymi projekty i\/lub niezb\u0119dnymi linkami (np. do video obrazuj\u0105cego wykonanie projektu).<\/li>\n<\/ul>\n<p><span style=\"color: #ff0000;\"><strong>Pi\u0105ty dzie\u0144 to wed\u0142ug planu wycieczka<\/strong><\/span>\u00a0 (do zoo lub parku linowego, na kr\u0119gielni\u0119 lub basen) lub niespodzianka (np. wizyta go\u015bci z pokazem magicznych sztuczek, lub innymi atrakcjami). Wszystko zale\u017cy od mo\u017cliwo\u015bci lokalnych,\u00a0 a tak\u017ce liczebo\u015bci grupy i np. op\u0142acalno\u015bci wynaj\u0119cia autokaru.<\/p>\n<div class=\"x1e56ztr\"><span class=\"x193iq5w xeuugli x13faqbe x1vvkbs x1xmvt09 x6prxxf xvq8zen xo1l8bm xzsf02u\"><span style=\"color: #ff0000;\"><strong>Nie ma wymys\u0142\u00f3w z kosmosu<\/strong><\/span>, zawsze staram si\u0119 wykorzystywa\u0107 materia\u0142y og\u00f3lnie dost\u0119pne &#8211; aby tworzy\u0107 z dzie\u0107mi projekty atrakcyjne i ciekawe, ale nie za miliony lub wymagaj\u0105ce szczeg\u00f3lnych umiej\u0119tno\u015bci.<\/span><\/div>\n<div><\/div>\n<div class=\"x1e56ztr\"><span class=\"x193iq5w xeuugli x13faqbe x1vvkbs x1xmvt09 x6prxxf xvq8zen xo1l8bm xzsf02u\">Ponadto udost\u0119pniam <span style=\"color: #ff0000;\"><strong>grafiki reklamowe<\/strong><\/span> (jak obrazek produktu) z pustym miejscem na wstawienie swojego terminu warsztat\u00f3w.<\/span><\/div>\n<div><\/div>\n<div class=\"x1e56ztr\">\n<hr \/>\n<\/div>\n<div>\n<h4 class=\"x1e56ztr\"><span class=\"x193iq5w xeuugli x13faqbe x1vvkbs x1xmvt09 x6prxxf xvq8zen xo1l8bm xzsf02u\" style=\"color: #3366ff;\">Pojedynczy, wybrany program otrzymasz w cenie 250 z\u0142, przy zakupie dw\u00f3ch to 200 z\u0142 za ka\u017cdy, trzech &#8211; 180 z\u0142, czterech &#8211; 160 z\u0142, a je\u015bli kupicie pi\u0119\u0107 program\u00f3w, to cena jednego wyniesie tylko 140 z\u0142.<\/span><\/h4>\n<\/div>\n<div>\n<hr \/>\n<\/div>\n<h4><strong>Dodatkowe korzy\u015bci!<\/strong><\/h4>\n<div>\n<ul>\n<li class=\"x1e56ztr\"><span class=\"x193iq5w xeuugli x13faqbe x1vvkbs x1xmvt09 x6prxxf xvq8zen xo1l8bm xzsf02u\">\u00a0Do pakiet\u00f3w dorzucam gratis prosty (ale skuteczny)<span style=\"color: #ff0000;\"> <strong>k<\/strong><b>alkulator do wyliczania op\u0142acalno\u015bci\u00a0<\/b><\/span>w pliku xls &#8211; kt\u00f3ry umo\u017cliwia wyliczenie, ile minimum powinna wynosi\u0107 cena dla klienta, aby osi\u0105gn\u0105\u0107 zysk, oraz, je\u015bli potrzebujesz<\/span><\/li>\n<li class=\"x1e56ztr\"><span class=\"x193iq5w xeuugli x13faqbe x1vvkbs x1xmvt09 x6prxxf xvq8zen xo1l8bm xzsf02u\">dorzuc\u0119<span style=\"color: #ff0000;\"> <strong>wz\u00f3r umowy<\/strong> <\/span>z rodzicem na warsztaty.<\/span><\/li>\n<li class=\"x1e56ztr\"><span class=\"x193iq5w xeuugli x13faqbe x1vvkbs x1xmvt09 x6prxxf xvq8zen xo1l8bm xzsf02u\">\u00a0A je\u015bli chcesz je zorganizowa\u0107 w formie p\u00f3\u0142kolonii to otrzymasz ode mnie<a href=\"https:\/\/businessteps.pl\/?product=kompletna-dokumentacja-na-wypoczynek-dzieci-i-mlodziezy\"> <span style=\"color: #ff0000;\"><b>pakiet wymaganej dokumentacji do kuratorium w prezencie.<\/b><\/span><\/a><\/span><\/li>\n<\/ul>\n<div class=\"x1e56ztr\"><span class=\"x193iq5w xeuugli x13faqbe x1vvkbs x1xmvt09 x6prxxf xvq8zen xo1l8bm xzsf02u\">Wystarczy, \u017ce po zakupie pakietu klikniesz 'KUP&#8221; pakiet <a href=\"https:\/\/businessteps.pl\/?product=kompletna-dokumentacja-na-wypoczynek-dzieci-i-mlodziezy\">Kompletna dokumentacja wypoczynku dzieci i m\u0142odzie\u017cy.<\/a><\/span><\/div>\n<div><\/div>\n<div class=\"x1e56ztr\"><span class=\"x193iq5w xeuugli x13faqbe x1vvkbs x1xmvt09 x6prxxf xvq8zen xo1l8bm xzsf02u\">Wielokrotnie zg\u0142asza\u0142am wypoczynki do kuratorium, wi\u0119c temat jest mi znany.<\/span><\/div>\n<div><\/div>\n<div>\n<hr \/>\n<\/div>\n<\/div>\n<h3>Po zaksi\u0119gowaniu kwoty otrzymasz dost\u0119p do folderu z materia\u0142ami na Google Drive na podany mail.<\/h3>\n<div>\n<div><\/div>\n<\/div>\n<div><\/div>\n<div><\/div>\n","protected":false},"featured_media":471,"template":"","meta":[],"product_brand":[],"product_cat":[87,85,15],"product_tag":[84,82,83,88,50,80,86],"class_list":{"0":"post-467","1":"product","2":"type-product","3":"status-publish","4":"has-post-thumbnail","6":"product_cat-materialy-dydaktyczne","7":"product_cat-pakiety-warsztatowe","8":"product_cat-top","9":"product_tag-gotowce","10":"product_tag-lato","11":"product_tag-materialy","12":"product_tag-materialy-dydaktyczne","13":"product_tag-polkolonie","14":"product_tag-program-polkolonii","15":"product_tag-warsztaty-dla-dzieci","17":"first","18":"instock","19":"downloadable","20":"virtual","21":"purchasable","22":"product-type-simple"},"jetpack_sharing_enabled":true,"_links":{"self":[{"href":"https:\/\/businessteps.pl\/index.php?rest_route=\/wp\/v2\/product\/467","targetHints":{"allow":["GET"]}}],"collection":[{"href":"https:\/\/businessteps.pl\/index.php?rest_route=\/wp\/v2\/product"}],"about":[{"href":"https:\/\/businessteps.pl\/index.php?rest_route=\/wp\/v2\/types\/product"}],"wp:featuredmedia":[{"embeddable":true,"href":"https:\/\/businessteps.pl\/index.php?rest_route=\/wp\/v2\/media\/471"}],"wp:attachment":[{"href":"https:\/\/businessteps.pl\/index.php?rest_route=%2Fwp%2Fv2%2Fmedia&parent=467"}],"wp:term":[{"taxonomy":"product_brand","embeddable":true,"href":"https:\/\/businessteps.pl\/index.php?rest_route=%2Fwp%2Fv2%2Fproduct_brand&post=467"},{"taxonomy":"product_cat","embeddable":true,"href":"https:\/\/businessteps.pl\/index.php?rest_route=%2Fwp%2Fv2%2Fproduct_cat&post=467"},{"taxonomy":"product_tag","embeddable":true,"href":"https:\/\/businessteps.pl\/index.php?rest_route=%2Fwp%2Fv2%2Fproduct_tag&post=467"}],"curies":[{"name":"wp","href":"https:\/\/api.w.org\/{rel}","templated":true}]}}