{"id":531,"date":"2023-08-15T06:59:27","date_gmt":"2023-08-15T04:59:27","guid":{"rendered":"https:\/\/businessteps.pl\/?post_type=product&#038;p=531"},"modified":"2024-04-13T09:19:02","modified_gmt":"2024-04-13T07:19:02","slug":"umowa-zlecenie-dla-pracownika-obslugi-sekretariatu-wraz-z-zakresem-obowiazkow","status":"publish","type":"product","link":"https:\/\/businessteps.pl\/?product=umowa-zlecenie-dla-pracownika-obslugi-sekretariatu-wraz-z-zakresem-obowiazkow","title":{"rendered":"Umowa zlecenie dla pracownika obs\u0142ugi sekretariatu wraz z zakresem obowi\u0105zk\u00f3w"},"content":{"rendered":"<p><strong>Umowy zawieraj\u0105 najwa\u017cniejsze zapisy wymagane w umowie zleceniu.<\/strong><\/p>\n<p>Po zakupie\u00a0<strong>otrzymasz plik w formacie word<\/strong>, otwarty do edycji, z wyra\u017anie zaznaczonymi miejscami do wype\u0142nienia przez Ciebie (dane firmy,\u00a0 stawki, nr rachunku bankowego itp.). Pobierz go na sw\u00f3j dysk.<\/p>\n<p>Przeczytaj uwa\u017cnie tre\u015b\u0107\u00a0 umowy i dostosuj dane firmy i szczeg\u00f3\u0142y do swoich potrzeb!<\/p>\n<p>&nbsp;<\/p>\n","protected":false},"excerpt":{"rendered":"<h3>Oferuj\u0119 szablon umowy zlecenie dla osoby pracuj\u0105cej w sekretariacie szko\u0142y j\u0119zykowej &#8211; oparty na moim 15-letnim do\u015bwiadczeniu prowadzenia w\u0142asnej plac\u00f3wki.<\/h3>\n<p>Umowa zawiera zapisy zabezpieczaj\u0105ce Twoje interesy m. in. dzi\u0119ki klauzuli poufno\u015bci i zakazowi konkurencji.<\/p>\n<h3>Wa\u017cnym za\u0142\u0105cznikiem do umowy jest zakres obowi\u0105zk\u00f3w.<\/h3>\n<p>To dokument szczeg\u00f3\u0142owo opisuj\u0105cy czynno\u015bci, jakie na stanowisku Customer Service Specialist w szkole j\u0119zykowej wykonywane s\u0105 cyklicznie:<\/p>\n<ul>\n<li>codziennie\/regularnie<\/li>\n<li>1-3 razy w tygodniu<\/li>\n<li>raz na dwa tygodnie<\/li>\n<li>1 raz na miesi\u0105c<\/li>\n<li>1 raz na p\u00f3\u0142 roku<\/li>\n<li>1 raz na rok<\/li>\n<\/ul>\n<p>Zakres powy\u017cszy obejmuje wszystkie istotne aspekty funkcjonowania szko\u0142y j\u0119zykowej w zakresie administracji.<\/p>\n<h3>U\u0142atwia organizacj\u0119 pracy sekretariatu i b\u0119dzie dla Ciebie pomocny w:<\/h3>\n<ul>\n<li>zatrudnieniu pracownika na stanowisko administracyjne (zakres obowi\u0105zk\u00f3w r\u00f3wnie dobrze mo\u017cna zastosowa\u0107 przy umowie o prac\u0119)<\/li>\n<li>opisie stanowiska pracy<\/li>\n<li>wytyczeniu obowi\u0105zk\u00f3w pracownika sekretariatu<\/li>\n<li>wdra\u017caniu i szkoleniu nowo zatrudnianego pracownika w obowi\u0105zki<\/li>\n<li>zlecaniu i egzekwowaniu wykonywania zada\u0144 administracyjnych<\/li>\n<\/ul>\n<p>Zakres porz\u0105dkuje ogrom czynno\u015bci, jakie s\u0105 z r\u00f3\u017cn\u0105 cz\u0119stotliwo\u015bci\u0105, ale regularnie wykonywane w szkole j\u0119zykowej.<\/p>\n","protected":false},"featured_media":535,"template":"","meta":[],"product_brand":[],"product_cat":[38,19,15],"product_tag":[18,33,84,40,69,17,31],"class_list":{"0":"post-531","1":"product","2":"type-product","3":"status-publish","4":"has-post-thumbnail","6":"product_cat-biznes","7":"product_cat-dokumentacja-szkoly-jezykowej","8":"product_cat-top","9":"product_tag-dokumentacja","10":"product_tag-dokumentacja-szkoly-jezykowej","11":"product_tag-gotowce","12":"product_tag-porady","13":"product_tag-prowadzenie-firmy","14":"product_tag-umowa","15":"product_tag-umowa-z-pracownikiem","17":"first","18":"instock","19":"sale","20":"downloadable","21":"virtual","22":"purchasable","23":"product-type-simple"},"jetpack_sharing_enabled":true,"_links":{"self":[{"href":"https:\/\/businessteps.pl\/index.php?rest_route=\/wp\/v2\/product\/531","targetHints":{"allow":["GET"]}}],"collection":[{"href":"https:\/\/businessteps.pl\/index.php?rest_route=\/wp\/v2\/product"}],"about":[{"href":"https:\/\/businessteps.pl\/index.php?rest_route=\/wp\/v2\/types\/product"}],"wp:featuredmedia":[{"embeddable":true,"href":"https:\/\/businessteps.pl\/index.php?rest_route=\/wp\/v2\/media\/535"}],"wp:attachment":[{"href":"https:\/\/businessteps.pl\/index.php?rest_route=%2Fwp%2Fv2%2Fmedia&parent=531"}],"wp:term":[{"taxonomy":"product_brand","embeddable":true,"href":"https:\/\/businessteps.pl\/index.php?rest_route=%2Fwp%2Fv2%2Fproduct_brand&post=531"},{"taxonomy":"product_cat","embeddable":true,"href":"https:\/\/businessteps.pl\/index.php?rest_route=%2Fwp%2Fv2%2Fproduct_cat&post=531"},{"taxonomy":"product_tag","embeddable":true,"href":"https:\/\/businessteps.pl\/index.php?rest_route=%2Fwp%2Fv2%2Fproduct_tag&post=531"}],"curies":[{"name":"wp","href":"https:\/\/api.w.org\/{rel}","templated":true}]}}