{"id":687,"date":"2023-10-14T12:41:40","date_gmt":"2023-10-14T10:41:40","guid":{"rendered":"https:\/\/businessteps.pl\/?post_type=product&#038;p=687"},"modified":"2023-10-14T12:55:03","modified_gmt":"2023-10-14T10:55:03","slug":"prosty-kalkulator-ceny-warsztatow-polkolonii","status":"publish","type":"product","link":"https:\/\/businessteps.pl\/?product=prosty-kalkulator-ceny-warsztatow-polkolonii","title":{"rendered":"Prosty kalkulator ceny warsztat\u00f3w\/p\u00f3\u0142kolonii"},"content":{"rendered":"<h4>Dla kogo jest to przydatne narz\u0119dzie?<\/h4>\n<p>Dla wszystkich, kt\u00f3rzy nieszczeg\u00f3lnie kochaj\u0105 si\u0119 z excelem, a chc\u0105 panowa\u0107 nad finansami swojej firmy i op\u0142acalno\u015bci\u0105 podejmowanych przedsi\u0119wzi\u0119\u0107.<\/p>\n<p>Po zaksi\u0119gowaniu p\u0142atno\u015bci (przelewu) <strong>otrzymasz plik w formacie xls<\/strong>, otwarty do edycji.<\/p>\n<p>Pobierz go na sw\u00f3j dysk i dzia\u0142aj!<\/p>\n<p><strong>Je\u015bli nie otrzymasz plik\u00f3w &#8211; sprawd\u017a folder spam!<\/strong><\/p>\n<p>&nbsp;<\/p>\n","protected":false},"excerpt":{"rendered":"<h4>G\u0142owisz si\u0119 nieraz nad cen\u0105, jak\u0105 powinna\u015b\/powiniene\u015b ustali\u0107 za planowane warsztaty, dodatkowe zaj\u0119cia (np. \u015bwi\u0105teczne, Halloween Party,\u00a0 Egg Hunt) lub p\u00f3\u0142kolonie?<\/h4>\n<p>Jaka powinna by\u0107 minimalna liczba klient\u00f3w, aby ca\u0142a impreza by\u0142a op\u0142acalna?<\/p>\n<p><strong>Zdejmuj\u0119 Ci ten problem z g\u0142owy!<\/strong><\/p>\n<p>Oto prosty kalkulator, kt\u00f3ry w par\u0119 minut podpowie Ci, jaka cena i przy ilu uczestnikach b\u0119dzie dla Ciebie op\u0142acalna.<\/p>\n<p>Wystarczy, \u017ce wrzucisz wszystkie koszty, a ten prosty kalkulator jasno jak na d\u0142oni poka\u017ce Ci cen\u0119 dla klienta (z uwzgl\u0119dnieniem 30% mar\u017cy dla Twojej firmy &#8211; bo przecie\u017c nie prowadzisz biznesu charytatywnie, prawda?).<\/p>\n<p><strong>Zobaczysz tak\u017ce, jaki jest minimalny pr\u00f3g op\u0142acalno\u015bci.<\/strong><\/p>\n<p>Ju\u017c s\u0105 wpisane w rubryczki typowe, przyk\u0142adowe koszty wyst\u0119puj\u0105ce przy organizacji po\u0142kolonii, ale oczywi\u015bcie mo\u017cesz wpisa\u0107 w\u0142asne.<\/p>\n<p>Pami\u0119taj! Wype\u0142niasz tylko bia\u0142e pola i dzieje si\u0119 MAGIA!!!<\/p>\n<p>&nbsp;<\/p>\n","protected":false},"featured_media":688,"template":"","meta":[],"product_brand":[],"product_cat":[38],"product_tag":[43,44,84,82,49,40,80,69],"class_list":{"0":"post-687","1":"product","2":"type-product","3":"status-publish","4":"has-post-thumbnail","6":"product_cat-biznes","7":"product_tag-biznes","8":"product_tag-biznes-coaching","9":"product_tag-gotowce","10":"product_tag-lato","11":"product_tag-organizacja-wypoczynku","12":"product_tag-porady","13":"product_tag-program-polkolonii","14":"product_tag-prowadzenie-firmy","16":"first","17":"instock","18":"downloadable","19":"shipping-taxable","20":"purchasable","21":"product-type-simple"},"jetpack_sharing_enabled":true,"_links":{"self":[{"href":"https:\/\/businessteps.pl\/index.php?rest_route=\/wp\/v2\/product\/687","targetHints":{"allow":["GET"]}}],"collection":[{"href":"https:\/\/businessteps.pl\/index.php?rest_route=\/wp\/v2\/product"}],"about":[{"href":"https:\/\/businessteps.pl\/index.php?rest_route=\/wp\/v2\/types\/product"}],"wp:featuredmedia":[{"embeddable":true,"href":"https:\/\/businessteps.pl\/index.php?rest_route=\/wp\/v2\/media\/688"}],"wp:attachment":[{"href":"https:\/\/businessteps.pl\/index.php?rest_route=%2Fwp%2Fv2%2Fmedia&parent=687"}],"wp:term":[{"taxonomy":"product_brand","embeddable":true,"href":"https:\/\/businessteps.pl\/index.php?rest_route=%2Fwp%2Fv2%2Fproduct_brand&post=687"},{"taxonomy":"product_cat","embeddable":true,"href":"https:\/\/businessteps.pl\/index.php?rest_route=%2Fwp%2Fv2%2Fproduct_cat&post=687"},{"taxonomy":"product_tag","embeddable":true,"href":"https:\/\/businessteps.pl\/index.php?rest_route=%2Fwp%2Fv2%2Fproduct_tag&post=687"}],"curies":[{"name":"wp","href":"https:\/\/api.w.org\/{rel}","templated":true}]}}