{"id":690,"date":"2023-10-21T13:43:48","date_gmt":"2023-10-21T11:43:48","guid":{"rendered":"https:\/\/businessteps.pl\/?post_type=product&#038;p=690"},"modified":"2023-10-21T13:43:52","modified_gmt":"2023-10-21T11:43:52","slug":"halloween-motywy-do-wydruku-gratis","status":"publish","type":"product","link":"https:\/\/businessteps.pl\/?product=halloween-motywy-do-wydruku-gratis","title":{"rendered":"Halloween &#8211; motywy do wydruku GRATIS!"},"content":{"rendered":"<p>Po zam\u00f3wieniu <strong>otrzymasz na maila plik w formacie pdf<\/strong>.<\/p>\n<p>Pobierz go na sw\u00f3j dysk i dzia\u0142aj!<\/p>\n<p><strong>Je\u015bli nie otrzymasz pliku &#8211; sprawd\u017a folder spam!<\/strong><\/p>\n","protected":false},"excerpt":{"rendered":"<h4><strong>Oto przydatne do okoliczno\u015bciowej dekoracji motywy Halloween.<\/strong><\/h4>\n<h4>Na obrazku produktu wida\u0107 niekt\u00f3re z nich, a ca\u0142o\u015b\u0107 to cztery strony formatu A4 &#8211; gotowe do pobrania w pdf i wydruku.<\/h4>\n<p>Ja u\u017cywa\u0142am ich do przyozdobienia fotoramki, kt\u00f3r\u0105 mo\u017cemy bardzo prosto zrobi\u0107, oklejaj\u0105c czarnym i\/lub pomara\u0144czowym papierem tekturow\u0105 ramk\u0119. Te dekoracje sprawiaj\u0105, \u017ce nabiera prawdziwie halloweenowego charakteru.<\/p>\n<p><img loading=\"lazy\" decoding=\"async\" class=\"size-thumbnail wp-image-676 alignleft\" src=\"http:\/\/businessteps.pl\/wp-content\/uploads\/2023\/09\/fotoramka-150x150.jpg\" alt=\"\" width=\"150\" height=\"150\" srcset=\"https:\/\/businessteps.pl\/wp-content\/uploads\/2023\/09\/fotoramka-150x150.jpg 150w, https:\/\/businessteps.pl\/wp-content\/uploads\/2023\/09\/fotoramka-300x300.jpg 300w, https:\/\/businessteps.pl\/wp-content\/uploads\/2023\/09\/fotoramka-1024x1024.jpg 1024w, https:\/\/businessteps.pl\/wp-content\/uploads\/2023\/09\/fotoramka-768x768.jpg 768w, https:\/\/businessteps.pl\/wp-content\/uploads\/2023\/09\/fotoramka-324x324.jpg 324w, https:\/\/businessteps.pl\/wp-content\/uploads\/2023\/09\/fotoramka-416x416.jpg 416w, https:\/\/businessteps.pl\/wp-content\/uploads\/2023\/09\/fotoramka-100x100.jpg 100w, https:\/\/businessteps.pl\/wp-content\/uploads\/2023\/09\/fotoramka.jpg 1500w\" sizes=\"auto, (max-width: 150px) 100vw, 150px\" \/><\/p>\n<p>Dzieci uwielbiaj\u0105 si\u0119 fotografowa\u0107 w przebraniach i straszliwych makija\u017cach :-), a okoliczo\u015bciowa fotoramka dodaje blasku takiej pami\u0105tce!<\/p>\n<p>Mo\u017cecie j\u0105 prosto razem wykona\u0107 i cieszy\u0107 si\u0119 niesamowitym efektem.<\/p>\n","protected":false},"featured_media":696,"template":"","meta":[],"product_brand":[],"product_cat":[89,87,85],"product_tag":[84,83,88,86],"class_list":{"0":"post-690","1":"product","2":"type-product","3":"status-publish","4":"has-post-thumbnail","6":"product_cat-materialy","7":"product_cat-materialy-dydaktyczne","8":"product_cat-pakiety-warsztatowe","9":"product_tag-gotowce","10":"product_tag-materialy","11":"product_tag-materialy-dydaktyczne","12":"product_tag-warsztaty-dla-dzieci","14":"first","15":"instock","16":"downloadable","17":"shipping-taxable","18":"purchasable","19":"product-type-simple"},"jetpack_sharing_enabled":true,"_links":{"self":[{"href":"https:\/\/businessteps.pl\/index.php?rest_route=\/wp\/v2\/product\/690","targetHints":{"allow":["GET"]}}],"collection":[{"href":"https:\/\/businessteps.pl\/index.php?rest_route=\/wp\/v2\/product"}],"about":[{"href":"https:\/\/businessteps.pl\/index.php?rest_route=\/wp\/v2\/types\/product"}],"wp:featuredmedia":[{"embeddable":true,"href":"https:\/\/businessteps.pl\/index.php?rest_route=\/wp\/v2\/media\/696"}],"wp:attachment":[{"href":"https:\/\/businessteps.pl\/index.php?rest_route=%2Fwp%2Fv2%2Fmedia&parent=690"}],"wp:term":[{"taxonomy":"product_brand","embeddable":true,"href":"https:\/\/businessteps.pl\/index.php?rest_route=%2Fwp%2Fv2%2Fproduct_brand&post=690"},{"taxonomy":"product_cat","embeddable":true,"href":"https:\/\/businessteps.pl\/index.php?rest_route=%2Fwp%2Fv2%2Fproduct_cat&post=690"},{"taxonomy":"product_tag","embeddable":true,"href":"https:\/\/businessteps.pl\/index.php?rest_route=%2Fwp%2Fv2%2Fproduct_tag&post=690"}],"curies":[{"name":"wp","href":"https:\/\/api.w.org\/{rel}","templated":true}]}}