{"id":755,"date":"2024-03-21T12:54:09","date_gmt":"2024-03-21T11:54:09","guid":{"rendered":"https:\/\/businessteps.pl\/?post_type=product&#038;p=755"},"modified":"2024-03-21T12:54:11","modified_gmt":"2024-03-21T11:54:11","slug":"umowa-z-rodzicem-na-warsztaty-letnie","status":"publish","type":"product","link":"https:\/\/businessteps.pl\/?product=umowa-z-rodzicem-na-warsztaty-letnie","title":{"rendered":"Umowa z rodzicem na warsztaty letnie"},"content":{"rendered":"<p><strong>Umowa zawiera istotne zapisy precyzuj\u0105ce zobowi\u0105zania obu stron, a tak\u017ce regulamin letnich zaj\u0119\u0107 (warsztat\u00f3w lub p\u00f3\u0142kolonii).<\/strong><\/p>\n<p>Po zakupie\u00a0<strong>otrzymasz plik w formacie word<\/strong>, otwarty do edycji, z wyra\u017anie zaznaczonymi miejscami do wype\u0142nienia przez Ciebie (dane firmy,\u00a0 stawki, nr rachunku bankowego itp.). Pobierz go na sw\u00f3j dysk.<\/p>\n<p>Przeczytaj uwa\u017cnie tre\u015b\u0107\u00a0 umowy i dostosuj dane firmy i szczeg\u00f3\u0142y do swoich potrzeb!<\/p>\n","protected":false},"excerpt":{"rendered":"<h3>Oferuj\u0119 szablon umowy z rodzicem na letnie warsztaty (je\u015bli nie chcesz organizowa\u0107 p\u00f3\u0142kolonii) \u2013 oparty na moim wieloletnim do\u015bwiadczeniu prowadzenia w\u0142asnej plac\u00f3wki i organizacji takich zaj\u0119\u0107.<\/h3>\n<p>&nbsp;<\/p>\n","protected":false},"featured_media":756,"template":"","meta":[],"product_brand":[],"product_cat":[19,89,48],"product_tag":[18,84,82,49,40,80],"class_list":{"0":"post-755","1":"product","2":"type-product","3":"status-publish","4":"has-post-thumbnail","6":"product_cat-dokumentacja-szkoly-jezykowej","7":"product_cat-materialy","8":"product_cat-wypoczynek","9":"product_tag-dokumentacja","10":"product_tag-gotowce","11":"product_tag-lato","12":"product_tag-organizacja-wypoczynku","13":"product_tag-porady","14":"product_tag-program-polkolonii","16":"first","17":"instock","18":"downloadable","19":"virtual","20":"purchasable","21":"product-type-simple"},"jetpack_sharing_enabled":true,"_links":{"self":[{"href":"https:\/\/businessteps.pl\/index.php?rest_route=\/wp\/v2\/product\/755","targetHints":{"allow":["GET"]}}],"collection":[{"href":"https:\/\/businessteps.pl\/index.php?rest_route=\/wp\/v2\/product"}],"about":[{"href":"https:\/\/businessteps.pl\/index.php?rest_route=\/wp\/v2\/types\/product"}],"wp:featuredmedia":[{"embeddable":true,"href":"https:\/\/businessteps.pl\/index.php?rest_route=\/wp\/v2\/media\/756"}],"wp:attachment":[{"href":"https:\/\/businessteps.pl\/index.php?rest_route=%2Fwp%2Fv2%2Fmedia&parent=755"}],"wp:term":[{"taxonomy":"product_brand","embeddable":true,"href":"https:\/\/businessteps.pl\/index.php?rest_route=%2Fwp%2Fv2%2Fproduct_brand&post=755"},{"taxonomy":"product_cat","embeddable":true,"href":"https:\/\/businessteps.pl\/index.php?rest_route=%2Fwp%2Fv2%2Fproduct_cat&post=755"},{"taxonomy":"product_tag","embeddable":true,"href":"https:\/\/businessteps.pl\/index.php?rest_route=%2Fwp%2Fv2%2Fproduct_tag&post=755"}],"curies":[{"name":"wp","href":"https:\/\/api.w.org\/{rel}","templated":true}]}}