{"id":790,"date":"2024-05-08T13:31:25","date_gmt":"2024-05-08T11:31:25","guid":{"rendered":"https:\/\/businessteps.pl\/?post_type=product&#038;p=790"},"modified":"2024-05-08T15:08:37","modified_gmt":"2024-05-08T13:08:37","slug":"gratis-przedsadowe-wezwanie-do-zaplaty-szablon","status":"publish","type":"product","link":"https:\/\/businessteps.pl\/?product=gratis-przedsadowe-wezwanie-do-zaplaty-szablon","title":{"rendered":"*** GRATIS *** Przeds\u0105dowe wezwanie do zap\u0142aty &#8211; szablon"},"content":{"rendered":"<p>Pami\u0119taj!<\/p>\n<p>Zawsze podpisuj umow\u0119 z klientem, aby mie\u0107 podstaw\u0119 do swoich roszcze\u0144.<\/p>\n<p>Jak mawiaj\u0105 prawnicy, nie podpisujemy um\u00f3w na dobre czasy, ale na z\u0142e!<\/p>\n<p>Po zam\u00f3wieniu <strong>otrzymasz plik w formacie word<\/strong>, otwarty do edycji, z wyra\u017anie zaznaczonymi miejscami do wype\u0142nienia przez Ciebie (dane firmy,\u00a0 stawki, nr rachunku bankowego itp.)<\/p>\n<p>Przeczytaj uwa\u017cnie tre\u015b\u0107\u00a0 dokumentu i dostosuj dane firmy i szczeg\u00f3\u0142y do swoich potrzeb!<\/p>\n","protected":false},"excerpt":{"rendered":"<h4>Chcesz odzyska\u0107 swoje pieni\u0105dze od klienta &#8211; d\u0142u\u017cnika?<\/h4>\n<h4>Wy\u015blij mu przeds\u0105dowe wezwanie do zap\u0142aty!<\/h4>\n<p>Je\u015bli pisemne monity (sms-owe lub mailowe) nie odnosz\u0105 skutku, to wy\u015blij takie pismo na adres klienta listem poleconym z potwierdzeniem odbioru.<\/p>\n<p>Wielokrotnie okazywa\u0142o si\u0119 to wystarczaj\u0105co skuteczne i pozwoli\u0142o odzyska\u0107 pieni\u0105dze bez potrzeby sk\u0142adania pozwu do e-s\u0105du.<\/p>\n<h4><strong><span style=\"color: #ff0000;\">WA\u017bNE!<\/span><\/strong><\/h4>\n<h4><strong><span style=\"color: #ff0000;\">Po zam\u00f3wieniu sprawd\u017a folder SPAM &#8211; cz\u0119sto tam wpadaj\u0105 maile z plikami do pobrania!<\/span><\/strong><\/h4>\n","protected":false},"featured_media":792,"template":"","meta":[],"product_brand":[],"product_cat":[15],"product_tag":[43,33,40,47,41],"class_list":{"0":"post-790","1":"product","2":"type-product","3":"status-publish","4":"has-post-thumbnail","6":"product_cat-top","7":"product_tag-biznes","8":"product_tag-dokumentacja-szkoly-jezykowej","9":"product_tag-porady","10":"product_tag-regulamin-pracy","11":"product_tag-szkolenie","13":"first","14":"instock","15":"downloadable","16":"shipping-taxable","17":"purchasable","18":"product-type-simple"},"jetpack_sharing_enabled":true,"_links":{"self":[{"href":"https:\/\/businessteps.pl\/index.php?rest_route=\/wp\/v2\/product\/790","targetHints":{"allow":["GET"]}}],"collection":[{"href":"https:\/\/businessteps.pl\/index.php?rest_route=\/wp\/v2\/product"}],"about":[{"href":"https:\/\/businessteps.pl\/index.php?rest_route=\/wp\/v2\/types\/product"}],"wp:featuredmedia":[{"embeddable":true,"href":"https:\/\/businessteps.pl\/index.php?rest_route=\/wp\/v2\/media\/792"}],"wp:attachment":[{"href":"https:\/\/businessteps.pl\/index.php?rest_route=%2Fwp%2Fv2%2Fmedia&parent=790"}],"wp:term":[{"taxonomy":"product_brand","embeddable":true,"href":"https:\/\/businessteps.pl\/index.php?rest_route=%2Fwp%2Fv2%2Fproduct_brand&post=790"},{"taxonomy":"product_cat","embeddable":true,"href":"https:\/\/businessteps.pl\/index.php?rest_route=%2Fwp%2Fv2%2Fproduct_cat&post=790"},{"taxonomy":"product_tag","embeddable":true,"href":"https:\/\/businessteps.pl\/index.php?rest_route=%2Fwp%2Fv2%2Fproduct_tag&post=790"}],"curies":[{"name":"wp","href":"https:\/\/api.w.org\/{rel}","templated":true}]}}