{"id":858,"date":"2025-03-25T14:49:40","date_gmt":"2025-03-25T13:49:40","guid":{"rendered":"https:\/\/businessteps.pl\/?post_type=product&#038;p=858"},"modified":"2025-04-19T00:00:07","modified_gmt":"2025-04-18T22:00:07","slug":"egg-hunt-program-zabawy-dla-dzieci","status":"publish","type":"product","link":"https:\/\/businessteps.pl\/?product=egg-hunt-program-zabawy-dla-dzieci","title":{"rendered":"Egg Hunt &#8211; program zabawy dla dzieci"},"content":{"rendered":"<h3 class=\"x1heor9g x1qlqyl8 x1pd3egz x1a2a7pz xod5an3 x14vqqas\"><span class=\"x193iq5w xeuugli x13faqbe x1vvkbs x1xmvt09 x1603h9y x1u7k74 xo1l8bm xzsf02u\"><b>Program imprezy dla dzieci pt. &#8222;Egg Hunt&#8221;.<\/b><\/span><\/h3>\n<h4 class=\"x1e56ztr\"><span class=\"x193iq5w xeuugli x13faqbe x1vvkbs x1xmvt09 x6prxxf xvq8zen xo1l8bm xzsf02u\">Program tematyczny jest rozplanowany na 2 godziny zabawy.<\/span><\/h4>\n<div><\/div>\n<h4 class=\"x1e56ztr\"><span class=\"x193iq5w xeuugli x13faqbe x1vvkbs x1xmvt09 x6prxxf xvq8zen xo1l8bm xzsf02u\"><b>Opracowane s\u0105 szczeg\u00f3\u0142owo wszystkie zaplanowane aktywno\u015bci:<\/b><\/span><\/h4>\n<ul>\n<li>wraz z instrukcj\u0105 wykonania, zdj\u0119ciem pogl\u0105dowym<\/li>\n<li>oraz z list\u0105 niezb\u0119dnych materia\u0142\u00f3w i pomocy do ka\u017cdej z nich.<\/li>\n<\/ul>\n<h4>Otrzymujesz propozycje czterech (\u0142atwych do wykonania) projekt\u00f3w i trzech aktywno\u015bci. Zawiera tak\u017ce niezb\u0119dne szablony.<\/h4>\n<div>\n<p><span style=\"font-size: 1.41575em\">Jest to znakomity program dla 2-godzinnych warsztat\u00f3w stacjonarnych na \u015bwie\u017cym powietrzu i\/lub w \u015brodku.<\/span><\/p>\n<\/div>\n<h4 class=\"x1e56ztr\">Zawiera sprawdzone w pracy z dzieciakami pomys\u0142y na zabawy i lubiane przez najm\u0142odszych aktywno\u015bci, kt\u00f3re doskonale wpisuj\u0105 si\u0119 w wiosenn\u0105 tradycj\u0119 Easter Egg Hunt.<\/h4>\n<h4 class=\"x1e56ztr\">To gwarancja doskona\u0142ej zabawy!<\/h4>\n","protected":false},"excerpt":{"rendered":"<h4>Przyda Ci si\u0119 dodatkowe \u017ar\u00f3d\u0142o przychodu w Twojej firmie edukacyjnej?<\/h4>\n<h4>Masz baz\u0119 klient\u00f3w-dzieci w wieku 5-11 lat, kt\u00f3rym mo\u017cesz zaoferowa\u0107 dodatkow\u0105, sezonow\u0105 us\u0142ug\u0119?<\/h4>\n<p>U mnie w szkole takie dodatkowe, sezonowe aktywno\u015bci (Halloween Party, Christmas Workshop, Egg Hunt) sprawdzaj\u0105 si\u0119 znakomicie &#8211; generuj\u0105c dodatkowy, <strong>szybki i \u0142atwy doch\u00f3d<\/strong> i przyczyniaj\u0105c si\u0119 do promowania pozytywnego wizerunku miejsca atrakcyjnego dla ma\u0142ych klient\u00f3w.<\/p>\n<hr \/>\n<h4>Oto moja\u00a0 propozycja dla Ciebie:<\/h4>\n<h3><strong><img loading=\"lazy\" decoding=\"async\" class=\" wp-image-861 alignleft\" src=\"http:\/\/businessteps.pl\/wp-content\/uploads\/2025\/03\/484574319_660231606554512_6052582474313283322_n-150x150.jpg\" alt=\"\" width=\"157\" height=\"157\" srcset=\"https:\/\/businessteps.pl\/wp-content\/uploads\/2025\/03\/484574319_660231606554512_6052582474313283322_n-150x150.jpg 150w, https:\/\/businessteps.pl\/wp-content\/uploads\/2025\/03\/484574319_660231606554512_6052582474313283322_n-324x324.jpg 324w, https:\/\/businessteps.pl\/wp-content\/uploads\/2025\/03\/484574319_660231606554512_6052582474313283322_n-100x100.jpg 100w\" sizes=\"auto, (max-width: 157px) 100vw, 157px\" \/><\/strong><\/h3>\n<p><img loading=\"lazy\" decoding=\"async\" class=\"wp-image-862 alignleft\" src=\"http:\/\/businessteps.pl\/wp-content\/uploads\/2025\/03\/484624554_1111900137268995_574638322947002733_n-150x150.jpg\" alt=\"\" width=\"163\" height=\"163\" srcset=\"https:\/\/businessteps.pl\/wp-content\/uploads\/2025\/03\/484624554_1111900137268995_574638322947002733_n-150x150.jpg 150w, https:\/\/businessteps.pl\/wp-content\/uploads\/2025\/03\/484624554_1111900137268995_574638322947002733_n-324x324.jpg 324w, https:\/\/businessteps.pl\/wp-content\/uploads\/2025\/03\/484624554_1111900137268995_574638322947002733_n-100x100.jpg 100w\" sizes=\"auto, (max-width: 163px) 100vw, 163px\" \/><\/p>\n<h3><strong>Gotowy do natychmiastowego zastosowania program 2-godzinnego <\/strong><strong>Egg Hunt<\/strong><\/h3>\n<h4>Podaj\u0119 Ci wszystko, co niezb\u0119dne do organizacji takiej imprezy na tacy!<\/h4>\n<ul>\n<li><span style=\"color: #ff0000\"><strong>Nie musisz przedziera\u0107 si\u0119 przez g\u0105szcz pomys\u0142\u00f3w, szuka\u0107 inspiracji i kombinowa\u0107 <\/strong><\/span> &#8211; to wszystko zrobi\u0142am za Ciebie i otrzymujesz gotowe pomys\u0142y do wykonania.<\/li>\n<li class=\"x1e56ztr\"><span class=\"x193iq5w xeuugli x13faqbe x1vvkbs x1xmvt09 x6prxxf xvq8zen xo1l8bm xzsf02u\"><span style=\"color: #ff0000\"><strong>Nie ma wymys\u0142\u00f3w z kosmosu<\/strong><\/span>, zawsze staram si\u0119 wykorzystywa\u0107 materia\u0142y og\u00f3lnie dost\u0119pne &#8211; aby tworzy\u0107 z dzie\u0107mi projekty atrakcyjne i ciekawe, ale nie za miliony lub wymagaj\u0105ce szczeg\u00f3lnych umiej\u0119tno\u015bci.<\/span><\/li>\n<li>Pakiet zawiera tak\u017ce prosty kalkulator do policzenia op\u0142acalno\u015bci przedsi\u0119wzi\u0119cia, pomagaj\u0105cy oszczcowa\u0107 bilans koszt\u00f3w i zysk\u00f3w i wyliczy\u0107 cen\u0119 w zale\u017cno\u015bci od liczby klient\u00f3w.<\/li>\n<\/ul>\n<div class=\"x1e56ztr\">\n<hr \/>\n<\/div>\n<div>\n<h4 class=\"x1e56ztr\"><span class=\"x193iq5w xeuugli x13faqbe x1vvkbs x1xmvt09 x6prxxf xvq8zen xo1l8bm xzsf02u\" style=\"color: #3366ff\">Dostajesz gotowy do natychmiastowego u\u017cycia program.<\/span><\/h4>\n<\/div>\n<div><\/div>\n<div>\n<div><\/div>\n<div>\n<hr \/>\n<\/div>\n<\/div>\n<h3>Po zaksi\u0119gowaniu kwoty otrzymasz dost\u0119p do materia\u0142\u00f3w na podany mail.<\/h3>\n<div>\n<div><\/div>\n<\/div>\n<div><\/div>\n<div><\/div>\n","protected":false},"featured_media":863,"template":"","meta":[],"product_brand":[],"product_cat":[89,87,85,15],"product_tag":[97,84,82,83,88,50,80,86,98],"class_list":{"0":"post-858","1":"product","2":"type-product","3":"status-publish","4":"has-post-thumbnail","6":"product_cat-materialy","7":"product_cat-materialy-dydaktyczne","8":"product_cat-pakiety-warsztatowe","9":"product_cat-top","10":"product_tag-egg-hunt","11":"product_tag-gotowce","12":"product_tag-lato","13":"product_tag-materialy","14":"product_tag-materialy-dydaktyczne","15":"product_tag-polkolonie","16":"product_tag-program-polkolonii","17":"product_tag-warsztaty-dla-dzieci","18":"product_tag-zabawa-dla-dzieci","20":"first","21":"instock","22":"downloadable","23":"virtual","24":"purchasable","25":"product-type-simple"},"jetpack_sharing_enabled":true,"_links":{"self":[{"href":"https:\/\/businessteps.pl\/index.php?rest_route=\/wp\/v2\/product\/858","targetHints":{"allow":["GET"]}}],"collection":[{"href":"https:\/\/businessteps.pl\/index.php?rest_route=\/wp\/v2\/product"}],"about":[{"href":"https:\/\/businessteps.pl\/index.php?rest_route=\/wp\/v2\/types\/product"}],"wp:featuredmedia":[{"embeddable":true,"href":"https:\/\/businessteps.pl\/index.php?rest_route=\/wp\/v2\/media\/863"}],"wp:attachment":[{"href":"https:\/\/businessteps.pl\/index.php?rest_route=%2Fwp%2Fv2%2Fmedia&parent=858"}],"wp:term":[{"taxonomy":"product_brand","embeddable":true,"href":"https:\/\/businessteps.pl\/index.php?rest_route=%2Fwp%2Fv2%2Fproduct_brand&post=858"},{"taxonomy":"product_cat","embeddable":true,"href":"https:\/\/businessteps.pl\/index.php?rest_route=%2Fwp%2Fv2%2Fproduct_cat&post=858"},{"taxonomy":"product_tag","embeddable":true,"href":"https:\/\/businessteps.pl\/index.php?rest_route=%2Fwp%2Fv2%2Fproduct_tag&post=858"}],"curies":[{"name":"wp","href":"https:\/\/api.w.org\/{rel}","templated":true}]}}