{"id":872,"date":"2025-07-14T10:48:59","date_gmt":"2025-07-14T08:48:59","guid":{"rendered":"https:\/\/businessteps.pl\/?post_type=product&#038;p=872"},"modified":"2025-08-01T00:00:52","modified_gmt":"2025-07-31T22:00:52","slug":"szkola-pod-kontrola-zakres-obowiazkow-w-sekretariacie-i-regulamin-dla-lektora","status":"publish","type":"product","link":"https:\/\/businessteps.pl\/?product=szkola-pod-kontrola-zakres-obowiazkow-w-sekretariacie-i-regulamin-dla-lektora","title":{"rendered":"Szko\u0142a pod kontrol\u0105 &#8211; zakres obowi\u0105zk\u00f3w w sekretariacie i regulamin dla lektora"},"content":{"rendered":"<p>Po zakupie\u00a0<strong>otrzymasz pliki w formacie word<\/strong>, otwarte do edycji, z wyra\u017anie zaznaczonymi miejscami do wype\u0142nienia przez Ciebie (w zale\u017cno\u015bci od potrzeb Twojej firmy). Pobierz je na sw\u00f3j dysk.<\/p>\n<p>Przeczytaj uwa\u017cnie tre\u015b\u0107 ka\u017cdego dokumentu i dostosuj do swoich potrzeb!<\/p>\n<p>&nbsp;<\/p>\n","protected":false},"excerpt":{"rendered":"<p data-start=\"716\" data-end=\"954\">Profesjonalne szablony, kt\u00f3re u\u0142atwi\u0105 zarz\u0105dzanie zespo\u0142em w szkole j\u0119zykowej:<\/p>\n<p data-start=\"716\" data-end=\"954\"><span class=\"emoji-container\"><span class=\"emoji-outer emoji-sizer\"><span class=\"emoji-inner\">\ud83d\udcc4<\/span><\/span> Zakres obowi\u0105zk\u00f3w pracownika sekretariatu<\/span><br data-start=\"841\" data-end=\"844\" \/><span class=\"emoji-container\"><span class=\"emoji-outer emoji-sizer\"><span class=\"emoji-inner\">\ud83d\udcc4<\/span><\/span> Regulamin wsp\u00f3\u0142pracy z lektorem<\/span><\/p>\n<p data-start=\"716\" data-end=\"954\">Idealne na start lub do uporz\u0105dkowania dokument\u00f3w w dzia\u0142aj\u0105cej plac\u00f3wce.<\/p>\n<h3 data-start=\"221\" data-end=\"292\"><span class=\"emoji-container\"><span class=\"emoji-outer emoji-sizer\"><span class=\"emoji-inner\">\u2728<\/span><\/span> Profesjonalny zakres obowi\u0105zk\u00f3w dla sekretariatu szko\u0142y j\u0119zykowej<\/span><\/h3>\n<p data-start=\"294\" data-end=\"432\"><strong data-start=\"294\" data-end=\"432\">Ten dokument to kluczowy za\u0142\u0105cznik do umowy lub narz\u0119dzie organizacyjne, kt\u00f3re u\u0142atwia zarz\u0105dzanie prac\u0105 sekretariatu w Twojej szkole.<\/strong><\/p>\n<p data-start=\"434\" data-end=\"575\">Zawiera szczeg\u00f3\u0142owy opis obowi\u0105zk\u00f3w pracownika administracyjnego (Customer Service Specialist), podzielony wed\u0142ug cz\u0119stotliwo\u015bci wykonywania:<\/p>\n<ul data-start=\"577\" data-end=\"706\">\n<li data-start=\"577\" data-end=\"604\">\n<p data-start=\"579\" data-end=\"604\">codziennie \/ regularnie<\/p>\n<\/li>\n<li data-start=\"605\" data-end=\"628\">\n<p data-start=\"607\" data-end=\"628\">1\u20133 razy w tygodniu<\/p>\n<\/li>\n<li data-start=\"629\" data-end=\"652\">\n<p data-start=\"631\" data-end=\"652\">raz na dwa tygodnie<\/p>\n<\/li>\n<li data-start=\"653\" data-end=\"671\">\n<p data-start=\"655\" data-end=\"671\">raz w miesi\u0105cu<\/p>\n<\/li>\n<li data-start=\"672\" data-end=\"691\">\n<p data-start=\"674\" data-end=\"691\">raz na p\u00f3\u0142 roku<\/p>\n<\/li>\n<li data-start=\"692\" data-end=\"706\">\n<p data-start=\"694\" data-end=\"706\">raz w roku<\/p>\n<\/li>\n<\/ul>\n<p data-start=\"708\" data-end=\"865\"><strong data-start=\"708\" data-end=\"727\">Dlaczego warto?<\/strong><br data-start=\"727\" data-end=\"730\" \/>Zakres ten obejmuje wszystkie kluczowe obszary administracyjne, wyst\u0119puj\u0105ce w codziennym funkcjonowaniu szko\u0142y j\u0119zykowej. Dzi\u0119ki niemu:<\/p>\n<p data-start=\"867\" data-end=\"1116\"><span class=\"emoji-container\"><span class=\"emoji-outer emoji-sizer\"><span class=\"emoji-inner\">\u2714<\/span><\/span> \u0142atwiej zatrudnisz i wdro\u017cysz now\u0105 osob\u0119 do zespo\u0142u<\/span><br data-start=\"920\" data-end=\"923\" \/><span class=\"emoji-container\"><span class=\"emoji-outer emoji-sizer\"><span class=\"emoji-inner\">\u2714<\/span><\/span> jasno okre\u015blisz obowi\u0105zki na danym stanowisku<\/span><br data-start=\"970\" data-end=\"973\" \/><span class=\"emoji-container\"><span class=\"emoji-outer emoji-sizer\"><span class=\"emoji-inner\">\u2714<\/span><\/span> zyskasz dokument do umowy o prac\u0119 lub zlecenia<\/span><br data-start=\"1021\" data-end=\"1024\" \/><span class=\"emoji-container\"><span class=\"emoji-outer emoji-sizer\"><span class=\"emoji-inner\">\u2714<\/span><\/span> uporz\u0105dkujesz zadania wed\u0142ug cykliczno\u015bci<\/span><br data-start=\"1067\" data-end=\"1070\" \/><span class=\"emoji-container\"><span class=\"emoji-outer emoji-sizer\"><span class=\"emoji-inner\">\u2714<\/span><\/span> upro\u015bcisz delegowanie i egzekwowanie zada\u0144<\/span><\/p>\n<p data-start=\"1118\" data-end=\"1217\">To nie tylko zestaw obowi\u0105zk\u00f3w \u2013 to gotowe narz\u0119dzie do budowania dobrze dzia\u0142aj\u0105cej administracji.<\/p>\n<h2 data-start=\"240\" data-end=\"316\"><span class=\"emoji-container\"><span class=\"emoji-outer emoji-sizer\"><span class=\"emoji-inner\">\ud83d\udcd8<\/span><\/span> Regulamin wsp\u00f3\u0142pracy z lektorem \u2013 gotowy dokument dla szk\u00f3\u0142 j\u0119zykowych<\/span><\/h2>\n<p data-start=\"318\" data-end=\"562\"><strong data-start=\"318\" data-end=\"428\">Kompletny i szczeg\u00f3\u0142owy regulamin wsp\u00f3\u0142pracy, stanowi\u0105cy za\u0142\u0105cznik do umowy z lektorem B2B lub umowy zlecenia.<\/strong><br data-start=\"428\" data-end=\"431\" \/>Dzi\u0119ki temu dokumentowi jasno okre\u015blisz wzajemne obowi\u0105zki, unikniesz niedom\u00f3wie\u0144 i uporz\u0105dkujesz wsp\u00f3\u0142prac\u0119 z zespo\u0142em lektorskim.<\/p>\n<h3 data-start=\"564\" data-end=\"588\">Co zawiera dokument?<\/h3>\n<p data-start=\"589\" data-end=\"1106\"><span class=\"emoji-container\"><span class=\"emoji-outer emoji-sizer\"><span class=\"emoji-inner\">\u2705<\/span><\/span> obowi\u0105zki organizacyjne lektora (m.in. punktualno\u015b\u0107, porz\u0105dek w sali, bezpiecze\u0144stwo uczni\u00f3w)<\/span><br data-start=\"684\" data-end=\"687\" \/><span class=\"emoji-container\"><span class=\"emoji-outer emoji-sizer\"><span class=\"emoji-inner\">\u2705<\/span><\/span> korzystanie z dziennika elektronicznego i dokumentacji zaj\u0119\u0107<\/span><br data-start=\"749\" data-end=\"752\" \/><span class=\"emoji-container\"><span class=\"emoji-outer emoji-sizer\"><span class=\"emoji-inner\">\u2705<\/span><\/span> standardy pracy z uczniem \u2013 prace domowe, testy, kontakt z rodzicami<\/span><br data-start=\"822\" data-end=\"825\" \/><span class=\"emoji-container\"><span class=\"emoji-outer emoji-sizer\"><span class=\"emoji-inner\">\u2705<\/span><\/span> zasady zg\u0142aszania nieobecno\u015bci, organizacja zast\u0119pstw<\/span><br data-start=\"880\" data-end=\"883\" \/><span class=\"emoji-container\"><span class=\"emoji-outer emoji-sizer\"><span class=\"emoji-inner\">\u2705<\/span><\/span> odpowiedzialno\u015b\u0107 za materia\u0142y dydaktyczne i przestrze\u0144 wsp\u00f3ln\u0105<\/span><br data-start=\"947\" data-end=\"950\" \/><span class=\"emoji-container\"><span class=\"emoji-outer emoji-sizer\"><span class=\"emoji-inner\">\u2705<\/span><\/span> podstawowe wytyczne metodyczne i organizacyjne<\/span><br data-start=\"998\" data-end=\"1001\" \/><span class=\"emoji-container\"><span class=\"emoji-outer emoji-sizer\"><span class=\"emoji-inner\">\u2705<\/span><\/span> szczeg\u00f3\u0142y dotycz\u0105ce komunikacji z sekretariatem i dyrekcj\u0105<\/span><br data-start=\"1061\" data-end=\"1064\" \/><span class=\"emoji-container\"><span class=\"emoji-outer emoji-sizer\"><span class=\"emoji-inner\">\u2705<\/span><\/span> warunki odwo\u0142ywania i odrabiania zaj\u0119\u0107<\/span><\/p>\n<p data-start=\"1108\" data-end=\"1356\">Dokument gotowy do edycji (w formacie DOCX), dostosowany do reali\u00f3w funkcjonowania szk\u00f3\u0142 j\u0119zykowych \u2013 zar\u00f3wno tych mniejszych, jak i wi\u0119kszych. Mo\u017ce by\u0107 u\u017cywany jako za\u0142\u0105cznik do um\u00f3w, ale te\u017c jako osobny wewn\u0119trzny regulamin dla kadry lektorskiej.<\/p>\n","protected":false},"featured_media":875,"template":"","meta":[],"product_brand":[],"product_cat":[38,19,15],"product_tag":[18,33,84,40,69,17,31],"class_list":{"0":"post-872","1":"product","2":"type-product","3":"status-publish","4":"has-post-thumbnail","6":"product_cat-biznes","7":"product_cat-dokumentacja-szkoly-jezykowej","8":"product_cat-top","9":"product_tag-dokumentacja","10":"product_tag-dokumentacja-szkoly-jezykowej","11":"product_tag-gotowce","12":"product_tag-porady","13":"product_tag-prowadzenie-firmy","14":"product_tag-umowa","15":"product_tag-umowa-z-pracownikiem","17":"first","18":"instock","19":"downloadable","20":"virtual","21":"purchasable","22":"product-type-simple"},"jetpack_sharing_enabled":true,"_links":{"self":[{"href":"https:\/\/businessteps.pl\/index.php?rest_route=\/wp\/v2\/product\/872","targetHints":{"allow":["GET"]}}],"collection":[{"href":"https:\/\/businessteps.pl\/index.php?rest_route=\/wp\/v2\/product"}],"about":[{"href":"https:\/\/businessteps.pl\/index.php?rest_route=\/wp\/v2\/types\/product"}],"wp:featuredmedia":[{"embeddable":true,"href":"https:\/\/businessteps.pl\/index.php?rest_route=\/wp\/v2\/media\/875"}],"wp:attachment":[{"href":"https:\/\/businessteps.pl\/index.php?rest_route=%2Fwp%2Fv2%2Fmedia&parent=872"}],"wp:term":[{"taxonomy":"product_brand","embeddable":true,"href":"https:\/\/businessteps.pl\/index.php?rest_route=%2Fwp%2Fv2%2Fproduct_brand&post=872"},{"taxonomy":"product_cat","embeddable":true,"href":"https:\/\/businessteps.pl\/index.php?rest_route=%2Fwp%2Fv2%2Fproduct_cat&post=872"},{"taxonomy":"product_tag","embeddable":true,"href":"https:\/\/businessteps.pl\/index.php?rest_route=%2Fwp%2Fv2%2Fproduct_tag&post=872"}],"curies":[{"name":"wp","href":"https:\/\/api.w.org\/{rel}","templated":true}]}}